{"id":804,"date":"2025-09-02T17:05:11","date_gmt":"2025-09-02T17:05:11","guid":{"rendered":"https:\/\/aegeancapital.com\/hizmetler\/"},"modified":"2025-09-29T12:40:28","modified_gmt":"2025-09-29T12:40:28","slug":"hizmetler","status":"publish","type":"page","link":"https:\/\/aegeancapital.com\/tr\/hizmetler\/","title":{"rendered":"Hizmetler"},"content":{"rendered":"\t\t<div data-elementor-type=\"wp-page\" data-elementor-id=\"804\" class=\"elementor elementor-804 elementor-264\" data-elementor-post-type=\"page\">\n\t\t\t\t<div class=\"elementor-element elementor-element-81f4285 e-flex e-con-boxed e-con e-parent\" data-id=\"81f4285\" data-element_type=\"container\" data-e-type=\"container\" data-settings=\"{&quot;background_background&quot;:&quot;video&quot;,&quot;background_video_link&quot;:&quot;https:\\\/\\\/aegeancapital.com\\\/wp-content\\\/uploads\\\/2025\\\/09\\\/AC_services_banner.mp4&quot;,&quot;background_play_on_mobile&quot;:&quot;yes&quot;}\">\n\t\t\t\t\t<div class=\"e-con-inner\">\n\t\t<div class=\"elementor-background-video-container\">\n\t\t\t\t\t\t\t<video class=\"elementor-background-video-hosted\" role=\"presentation\" autoplay muted playsinline loop><\/video>\n\t\t\t\t\t<\/div><div class=\"elementor-element elementor-element-2c1f603 e-con-full e-flex e-con e-child\" data-id=\"2c1f603\" data-element_type=\"container\" data-e-type=\"container\">\n\t\t\t\t<div class=\"elementor-element elementor-element-c8f522c elementor-widget elementor-widget-heading\" data-id=\"c8f522c\" data-element_type=\"widget\" data-e-type=\"widget\" data-widget_type=\"heading.default\">\n\t\t\t\t\t<h2 class=\"elementor-heading-title elementor-size-default\">Hizmetler<\/h2>\t\t\t\t<\/div>\n\t\t<div class=\"elementor-element elementor-element-98ae6cf e-con-full e-flex e-con e-child\" data-id=\"98ae6cf\" data-element_type=\"container\" data-e-type=\"container\">\n\t\t\t\t<div class=\"elementor-element elementor-element-ad7545f elementor-widget__width-initial elementor-widget-divider--view-line elementor-widget elementor-widget-divider\" data-id=\"ad7545f\" data-element_type=\"widget\" data-e-type=\"widget\" data-widget_type=\"divider.default\">\n\t\t\t\t\t\t\t<div class=\"elementor-divider\">\n\t\t\t<span class=\"elementor-divider-separator\">\n\t\t\t\t\t\t<\/span>\n\t\t<\/div>\n\t\t\t\t\t\t<\/div>\n\t\t\t\t<div class=\"elementor-element elementor-element-cac455f elementor-widget__width-initial elementor-widget-divider--view-line elementor-widget elementor-widget-divider\" data-id=\"cac455f\" data-element_type=\"widget\" data-e-type=\"widget\" data-widget_type=\"divider.default\">\n\t\t\t\t\t\t\t<div class=\"elementor-divider\">\n\t\t\t<span class=\"elementor-divider-separator\">\n\t\t\t\t\t\t<\/span>\n\t\t<\/div>\n\t\t\t\t\t\t<\/div>\n\t\t\t\t<\/div>\n\t\t\t\t<\/div>\n\t\t\t\t\t<\/div>\n\t\t\t\t<\/div>\n\t\t<div class=\"elementor-element elementor-element-66355a3 e-flex e-con-boxed e-con e-parent\" data-id=\"66355a3\" data-element_type=\"container\" data-e-type=\"container\">\n\t\t\t\t\t<div class=\"e-con-inner\">\n\t\t<div class=\"elementor-element elementor-element-646d5e3 e-con-full e-flex e-con e-child\" data-id=\"646d5e3\" data-element_type=\"container\" data-e-type=\"container\" data-settings=\"{&quot;background_background&quot;:&quot;classic&quot;}\">\n\t\t\t\t<div class=\"elementor-element elementor-element-87fe051 elementor-widget elementor-widget-image\" data-id=\"87fe051\" data-element_type=\"widget\" data-e-type=\"widget\" data-widget_type=\"image.default\">\n\t\t\t\t\t\t\t\t\t\t\t\t\t\t\t<img decoding=\"async\" src=\"https:\/\/aegeancapital.com\/wp-content\/uploads\/elementor\/thumbs\/MA-rb7g7judtkjs588s7rn01xugtjdrzwcafohrczcoqo.jpg\" title=\"M&amp;A\" alt=\"M&amp;A\" loading=\"lazy\" \/>\t\t\t\t\t\t\t\t\t\t\t\t\t\t\t<\/div>\n\t\t\t\t<\/div>\n\t\t<div class=\"elementor-element elementor-element-2a60429 e-con-full e-flex e-con e-child\" data-id=\"2a60429\" data-element_type=\"container\" data-e-type=\"container\">\n\t\t<div class=\"elementor-element elementor-element-081b5a4 e-con-full e-flex e-con e-child\" data-id=\"081b5a4\" data-element_type=\"container\" data-e-type=\"container\">\n\t\t\t\t<div class=\"elementor-element elementor-element-2619f80 elementor-invisible elementor-widget elementor-widget-heading\" data-id=\"2619f80\" data-element_type=\"widget\" data-e-type=\"widget\" data-settings=\"{&quot;_animation&quot;:&quot;fadeInUp&quot;}\" data-widget_type=\"heading.default\">\n\t\t\t\t\t<h2 class=\"elementor-heading-title elementor-size-default\">Birle\u015fme ve Devralma (B&amp;D)<\/h2>\t\t\t\t<\/div>\n\t\t<div class=\"elementor-element elementor-element-95bf677 e-con-full e-flex elementor-invisible e-con e-child\" data-id=\"95bf677\" data-element_type=\"container\" data-e-type=\"container\" data-settings=\"{&quot;animation&quot;:&quot;fadeInUp&quot;}\">\n\t\t\t\t<div class=\"elementor-element elementor-element-5c786bd elementor-widget__width-initial elementor-widget-divider--view-line elementor-widget elementor-widget-divider\" data-id=\"5c786bd\" data-element_type=\"widget\" data-e-type=\"widget\" data-widget_type=\"divider.default\">\n\t\t\t\t\t\t\t<div class=\"elementor-divider\">\n\t\t\t<span class=\"elementor-divider-separator\">\n\t\t\t\t\t\t<\/span>\n\t\t<\/div>\n\t\t\t\t\t\t<\/div>\n\t\t\t\t<div class=\"elementor-element elementor-element-616a8d5 elementor-widget__width-initial elementor-widget-divider--view-line elementor-widget elementor-widget-divider\" data-id=\"616a8d5\" data-element_type=\"widget\" data-e-type=\"widget\" data-widget_type=\"divider.default\">\n\t\t\t\t\t\t\t<div class=\"elementor-divider\">\n\t\t\t<span class=\"elementor-divider-separator\">\n\t\t\t\t\t\t<\/span>\n\t\t<\/div>\n\t\t\t\t\t\t<\/div>\n\t\t\t\t<\/div>\n\t\t\t\t<\/div>\n\t\t\t\t<div class=\"elementor-element elementor-element-327ca61 elementor-invisible elementor-widget elementor-widget-text-editor\" data-id=\"327ca61\" data-element_type=\"widget\" data-e-type=\"widget\" data-settings=\"{&quot;_animation&quot;:&quot;fadeIn&quot;}\" data-widget_type=\"text-editor.default\">\n\t\t\t\t\t\t\t\t\tStratejik hedef belirleme ve detayl\u0131 \u015firket de\u011ferleme analizinden, m\u00fczakere y\u00f6netimi ve ba\u015far\u0131l\u0131 i\u015flem kapan\u0131\u015f\u0131na kadar, birle\u015fme ve sat\u0131n alma s\u00fcrecinin t\u00fcm a\u015famalar\u0131nda kapsaml\u0131 dan\u0131\u015fmanl\u0131k hizmetleri sunuyoruz.\t\t\t\t\t\t\t\t<\/div>\n\t\t\t\t<\/div>\n\t\t\t\t\t<\/div>\n\t\t\t\t<\/div>\n\t\t<div class=\"elementor-element elementor-element-644f2e1 e-flex e-con-boxed e-con e-parent\" data-id=\"644f2e1\" data-element_type=\"container\" data-e-type=\"container\">\n\t\t\t\t\t<div class=\"e-con-inner\">\n\t\t<div class=\"elementor-element elementor-element-0e262f1 e-con-full e-flex e-con e-child\" data-id=\"0e262f1\" data-element_type=\"container\" data-e-type=\"container\">\n\t\t<div class=\"elementor-element elementor-element-9a801e7 e-con-full e-flex e-con e-child\" data-id=\"9a801e7\" data-element_type=\"container\" data-e-type=\"container\">\n\t\t\t\t<div class=\"elementor-element elementor-element-ca20a8b elementor-invisible elementor-widget elementor-widget-heading\" data-id=\"ca20a8b\" data-element_type=\"widget\" data-e-type=\"widget\" data-settings=\"{&quot;_animation&quot;:&quot;fadeInUp&quot;}\" data-widget_type=\"heading.default\">\n\t\t\t\t\t<h2 class=\"elementor-heading-title elementor-size-default\">Halka Arz Dan\u0131\u015fmanl\u0131\u011f\u0131<\/h2>\t\t\t\t<\/div>\n\t\t<div class=\"elementor-element elementor-element-551c180 e-con-full e-flex elementor-invisible e-con e-child\" data-id=\"551c180\" data-element_type=\"container\" data-e-type=\"container\" data-settings=\"{&quot;animation&quot;:&quot;fadeInUp&quot;}\">\n\t\t\t\t<div class=\"elementor-element elementor-element-aefe666 elementor-widget__width-initial elementor-widget-divider--view-line elementor-widget elementor-widget-divider\" data-id=\"aefe666\" data-element_type=\"widget\" data-e-type=\"widget\" data-widget_type=\"divider.default\">\n\t\t\t\t\t\t\t<div class=\"elementor-divider\">\n\t\t\t<span class=\"elementor-divider-separator\">\n\t\t\t\t\t\t<\/span>\n\t\t<\/div>\n\t\t\t\t\t\t<\/div>\n\t\t\t\t<div class=\"elementor-element elementor-element-f6fdfc1 elementor-widget__width-initial elementor-widget-divider--view-line elementor-widget elementor-widget-divider\" data-id=\"f6fdfc1\" data-element_type=\"widget\" data-e-type=\"widget\" data-widget_type=\"divider.default\">\n\t\t\t\t\t\t\t<div class=\"elementor-divider\">\n\t\t\t<span class=\"elementor-divider-separator\">\n\t\t\t\t\t\t<\/span>\n\t\t<\/div>\n\t\t\t\t\t\t<\/div>\n\t\t\t\t<\/div>\n\t\t\t\t<\/div>\n\t\t\t\t<div class=\"elementor-element elementor-element-7bc77e4 elementor-invisible elementor-widget elementor-widget-text-editor\" data-id=\"7bc77e4\" data-element_type=\"widget\" data-e-type=\"widget\" data-settings=\"{&quot;_animation&quot;:&quot;fadeIn&quot;}\" data-widget_type=\"text-editor.default\">\n\t\t\t\t\t\t\t\t\t<p>T\u00fcrkiye Sermaye Piyasas\u0131 Kurulu (SPK) d\u00fczenlemelerine uygun olarak, finansal raporlama haz\u0131rl\u0131\u011f\u0131, mevzuata uygunluk, yat\u0131r\u0131mc\u0131 ili\u015fkileri ve pazarlama stratejisi konular\u0131n\u0131 kapsayan halka arzlar i\u00e7in u\u00e7tan uca dan\u0131\u015fmanl\u0131k hizmetleri sunuyoruz.<\/p>\t\t\t\t\t\t\t\t<\/div>\n\t\t\t\t<\/div>\n\t\t<div class=\"elementor-element elementor-element-2db0990 e-con-full e-flex e-con e-child\" data-id=\"2db0990\" data-element_type=\"container\" data-e-type=\"container\" data-settings=\"{&quot;background_background&quot;:&quot;classic&quot;}\">\n\t\t\t\t<div class=\"elementor-element elementor-element-7fa7929 elementor-widget elementor-widget-image\" data-id=\"7fa7929\" data-element_type=\"widget\" data-e-type=\"widget\" data-widget_type=\"image.default\">\n\t\t\t\t\t\t\t\t\t\t\t\t\t\t\t<img decoding=\"async\" src=\"https:\/\/aegeancapital.com\/wp-content\/uploads\/elementor\/thumbs\/IPOAdvisory-rb7gdoqgfmy5xlbxdx4btw3sf3518rp7m1sv50964g.jpg\" title=\"IPOAdvisory\" alt=\"IPOAdvisory\" loading=\"lazy\" \/>\t\t\t\t\t\t\t\t\t\t\t\t\t\t\t<\/div>\n\t\t\t\t<\/div>\n\t\t\t\t\t<\/div>\n\t\t\t\t<\/div>\n\t\t<div class=\"elementor-element elementor-element-767adfb e-flex e-con-boxed e-con e-parent\" data-id=\"767adfb\" data-element_type=\"container\" data-e-type=\"container\">\n\t\t\t\t\t<div class=\"e-con-inner\">\n\t\t<div class=\"elementor-element elementor-element-ce556c5 e-con-full e-flex e-con e-child\" data-id=\"ce556c5\" data-element_type=\"container\" data-e-type=\"container\" data-settings=\"{&quot;background_background&quot;:&quot;classic&quot;}\">\n\t\t\t\t<div class=\"elementor-element elementor-element-2a8249b elementor-widget elementor-widget-image\" data-id=\"2a8249b\" data-element_type=\"widget\" data-e-type=\"widget\" data-widget_type=\"image.default\">\n\t\t\t\t\t\t\t\t\t\t\t\t\t\t\t<img decoding=\"async\" src=\"https:\/\/aegeancapital.com\/wp-content\/uploads\/elementor\/thumbs\/FinancialAdvisory-rb7h5fww8ixyr30kbf0qydyrvoc7j0vvrfa0a53oe8.jpg\" title=\"Finansal Dan\u0131\u015fmanl\u0131k\" alt=\"Finansal Dan\u0131\u015fmanl\u0131k\" loading=\"lazy\" \/>\t\t\t\t\t\t\t\t\t\t\t\t\t\t\t<\/div>\n\t\t\t\t<\/div>\n\t\t<div class=\"elementor-element elementor-element-c181443 e-con-full e-flex e-con e-child\" data-id=\"c181443\" data-element_type=\"container\" data-e-type=\"container\">\n\t\t<div class=\"elementor-element elementor-element-69a7677 e-con-full e-flex e-con e-child\" data-id=\"69a7677\" data-element_type=\"container\" data-e-type=\"container\">\n\t\t\t\t<div class=\"elementor-element elementor-element-d63ec6f elementor-invisible elementor-widget elementor-widget-heading\" data-id=\"d63ec6f\" data-element_type=\"widget\" data-e-type=\"widget\" data-settings=\"{&quot;_animation&quot;:&quot;fadeInUp&quot;}\" data-widget_type=\"heading.default\">\n\t\t\t\t\t<h2 class=\"elementor-heading-title elementor-size-default\">Finansal Dan\u0131\u015fmanl\u0131k<\/h2>\t\t\t\t<\/div>\n\t\t<div class=\"elementor-element elementor-element-b84b580 e-con-full e-flex elementor-invisible e-con e-child\" data-id=\"b84b580\" data-element_type=\"container\" data-e-type=\"container\" data-settings=\"{&quot;animation&quot;:&quot;fadeInUp&quot;}\">\n\t\t\t\t<div class=\"elementor-element elementor-element-131cecf elementor-widget__width-initial elementor-widget-divider--view-line elementor-widget elementor-widget-divider\" data-id=\"131cecf\" data-element_type=\"widget\" data-e-type=\"widget\" data-widget_type=\"divider.default\">\n\t\t\t\t\t\t\t<div class=\"elementor-divider\">\n\t\t\t<span class=\"elementor-divider-separator\">\n\t\t\t\t\t\t<\/span>\n\t\t<\/div>\n\t\t\t\t\t\t<\/div>\n\t\t\t\t<div class=\"elementor-element elementor-element-3628493 elementor-widget__width-initial elementor-widget-divider--view-line elementor-widget elementor-widget-divider\" data-id=\"3628493\" data-element_type=\"widget\" data-e-type=\"widget\" data-widget_type=\"divider.default\">\n\t\t\t\t\t\t\t<div class=\"elementor-divider\">\n\t\t\t<span class=\"elementor-divider-separator\">\n\t\t\t\t\t\t<\/span>\n\t\t<\/div>\n\t\t\t\t\t\t<\/div>\n\t\t\t\t<\/div>\n\t\t\t\t<\/div>\n\t\t\t\t<div class=\"elementor-element elementor-element-446e095 elementor-invisible elementor-widget elementor-widget-heading\" data-id=\"446e095\" data-element_type=\"widget\" data-e-type=\"widget\" data-settings=\"{&quot;_animation&quot;:&quot;fadeInDown&quot;}\" data-widget_type=\"heading.default\">\n\t\t\t\t\t<h2 class=\"elementor-heading-title elementor-size-default\">Bor\u00e7 Dan\u0131\u015fmanl\u0131\u011f\u0131 ve Yeniden Yap\u0131land\u0131rma<\/h2>\t\t\t\t<\/div>\n\t\t\t\t<div class=\"elementor-element elementor-element-2c79f76 elementor-invisible elementor-widget elementor-widget-text-editor\" data-id=\"2c79f76\" data-element_type=\"widget\" data-e-type=\"widget\" data-settings=\"{&quot;_animation&quot;:&quot;fadeIn&quot;}\" data-widget_type=\"text-editor.default\">\n\t\t\t\t\t\t\t\t\t<p>Sermaye yap\u0131lar\u0131n\u0131 optimize etmek ve uzun vadeli finansal istikrar\u0131 desteklemek i\u00e7in yap\u0131land\u0131r\u0131lm\u0131\u015f finansman, bor\u00e7 yeniden yap\u0131land\u0131rma, proje finansman\u0131 ve kredi verenlerle m\u00fczakereler dahil olmak \u00fczere \u00f6zel finansal dan\u0131\u015fmanl\u0131k \u00e7\u00f6z\u00fcmleri sunuyoruz.<\/p>\t\t\t\t\t\t\t\t<\/div>\n\t\t\t\t<div class=\"elementor-element elementor-element-a7b47da elementor-invisible elementor-widget elementor-widget-heading\" data-id=\"a7b47da\" data-element_type=\"widget\" data-e-type=\"widget\" data-settings=\"{&quot;_animation&quot;:&quot;fadeInDown&quot;}\" data-widget_type=\"heading.default\">\n\t\t\t\t\t<h2 class=\"elementor-heading-title elementor-size-default\">\u015eirket De\u011ferleme<\/h2>\t\t\t\t<\/div>\n\t\t\t\t<div class=\"elementor-element elementor-element-1f717fb elementor-invisible elementor-widget elementor-widget-text-editor\" data-id=\"1f717fb\" data-element_type=\"widget\" data-e-type=\"widget\" data-settings=\"{&quot;_animation&quot;:&quot;fadeIn&quot;}\" data-widget_type=\"text-editor.default\">\n\t\t\t\t\t\t\t\t\t<p>M\u00fc\u015fterilerimize netlik ve g\u00fcven sa\u011flamak i\u00e7in tasarlanm\u0131\u015f, k\u00fcresel olarak tan\u0131nan standartlara ve sekt\u00f6r\u00fcn en iyi uygulamalar\u0131na uygun olarak haz\u0131rlanm\u0131\u015f ba\u011f\u0131ms\u0131z ve sa\u011flam de\u011ferleme raporlar\u0131 sunuyoruz.<\/p>\t\t\t\t\t\t\t\t<\/div>\n\t\t\t\t<div class=\"elementor-element elementor-element-3a25498 elementor-invisible elementor-widget elementor-widget-heading\" data-id=\"3a25498\" data-element_type=\"widget\" data-e-type=\"widget\" data-settings=\"{&quot;_animation&quot;:&quot;fadeInDown&quot;}\" data-widget_type=\"heading.default\">\n\t\t\t\t\t<h2 class=\"elementor-heading-title elementor-size-default\">\u015eirket \u0130nceleme<\/h2>\t\t\t\t<\/div>\n\t\t\t\t<div class=\"elementor-element elementor-element-92be8c7 elementor-invisible elementor-widget elementor-widget-text-editor\" data-id=\"92be8c7\" data-element_type=\"widget\" data-e-type=\"widget\" data-settings=\"{&quot;_animation&quot;:&quot;fadeIn&quot;}\" data-widget_type=\"text-editor.default\">\n\t\t\t\t\t\t\t\t\t<p>Riskleri belirlemek, varsay\u0131mlar\u0131 do\u011frulamak ve i\u015flemlerde bilin\u00e7li karar vermeyi desteklemek i\u00e7in kapsaml\u0131 \u015firket inceleme s\u00fcre\u00e7leri y\u00fcr\u00fct\u00fcyoruz.<\/p>\t\t\t\t\t\t\t\t<\/div>\n\t\t\t\t<div class=\"elementor-element elementor-element-5e7b1f7 elementor-invisible elementor-widget elementor-widget-heading\" data-id=\"5e7b1f7\" data-element_type=\"widget\" data-e-type=\"widget\" data-settings=\"{&quot;_animation&quot;:&quot;fadeInDown&quot;}\" data-widget_type=\"heading.default\">\n\t\t\t\t\t<h2 class=\"elementor-heading-title elementor-size-default\">Finansal Modelleme<\/h2>\t\t\t\t<\/div>\n\t\t\t\t<div class=\"elementor-element elementor-element-38c6783 elementor-invisible elementor-widget elementor-widget-text-editor\" data-id=\"38c6783\" data-element_type=\"widget\" data-e-type=\"widget\" data-settings=\"{&quot;_animation&quot;:&quot;fadeIn&quot;}\" data-widget_type=\"text-editor.default\">\n\t\t\t\t\t\t\t\t\t<p>Stratejik planlama, yat\u0131r\u0131m kararlar\u0131 ve risk de\u011ferlendirmelerini desteklemek i\u00e7in nakit ak\u0131\u015f\u0131 tahminleri, senaryo ve duyarl\u0131l\u0131k analizi ve i\u015f sim\u00fclasyonlar\u0131 dahil olmak \u00fczere sofistike finansal modeller tasarl\u0131yoruz.<\/p>\t\t\t\t\t\t\t\t<\/div>\n\t\t\t\t<\/div>\n\t\t\t\t\t<\/div>\n\t\t\t\t<\/div>\n\t\t\t\t<\/div>\n\t\t","protected":false},"excerpt":{"rendered":"<p>Hizmetler Birle\u015fme ve Devralma (B&amp;D) Stratejik hedef belirleme ve detayl\u0131 \u015firket de\u011ferleme analizinden, m\u00fczakere y\u00f6netimi ve ba\u015far\u0131l\u0131 i\u015flem kapan\u0131\u015f\u0131na kadar, birle\u015fme ve sat\u0131n alma s\u00fcrecinin t\u00fcm a\u015famalar\u0131nda kapsaml\u0131 dan\u0131\u015fmanl\u0131k hizmetleri sunuyoruz. Halka Arz Dan\u0131\u015fmanl\u0131\u011f\u0131 T\u00fcrkiye Sermaye Piyasas\u0131 Kurulu (SPK) d\u00fczenlemelerine uygun olarak, finansal raporlama haz\u0131rl\u0131\u011f\u0131, mevzuata uygunluk, yat\u0131r\u0131mc\u0131 ili\u015fkileri ve pazarlama stratejisi konular\u0131n\u0131 kapsayan halka&hellip; <a class=\"more-link\" href=\"https:\/\/aegeancapital.com\/tr\/hizmetler\/\">Okumaya devam et <span class=\"screen-reader-text\">Hizmetler<\/span><\/a><\/p>\n","protected":false},"author":1,"featured_media":0,"parent":0,"menu_order":0,"comment_status":"closed","ping_status":"closed","template":"elementor_header_footer","meta":{"footnotes":""},"class_list":["post-804","page","type-page","status-publish","hentry","entry"],"_links":{"self":[{"href":"https:\/\/aegeancapital.com\/tr\/wp-json\/wp\/v2\/pages\/804","targetHints":{"allow":["GET"]}}],"collection":[{"href":"https:\/\/aegeancapital.com\/tr\/wp-json\/wp\/v2\/pages"}],"about":[{"href":"https:\/\/aegeancapital.com\/tr\/wp-json\/wp\/v2\/types\/page"}],"author":[{"embeddable":true,"href":"https:\/\/aegeancapital.com\/tr\/wp-json\/wp\/v2\/users\/1"}],"replies":[{"embeddable":true,"href":"https:\/\/aegeancapital.com\/tr\/wp-json\/wp\/v2\/comments?post=804"}],"version-history":[{"count":1,"href":"https:\/\/aegeancapital.com\/tr\/wp-json\/wp\/v2\/pages\/804\/revisions"}],"predecessor-version":[{"id":805,"href":"https:\/\/aegeancapital.com\/tr\/wp-json\/wp\/v2\/pages\/804\/revisions\/805"}],"wp:attachment":[{"href":"https:\/\/aegeancapital.com\/tr\/wp-json\/wp\/v2\/media?parent=804"}],"curies":[{"name":"wp","href":"https:\/\/api.w.org\/{rel}","templated":true}]}}