{"id":794,"date":"2025-09-02T18:31:22","date_gmt":"2025-09-02T18:31:22","guid":{"rendered":"https:\/\/aegeancapital.com\/kullanim-sartlari\/"},"modified":"2025-09-29T12:58:17","modified_gmt":"2025-09-29T12:58:17","slug":"kullanim-sartlari","status":"publish","type":"page","link":"https:\/\/aegeancapital.com\/tr\/kullanim-sartlari\/","title":{"rendered":"Kullan\u0131m \u015eartlar\u0131"},"content":{"rendered":"\t\t<div data-elementor-type=\"wp-page\" data-elementor-id=\"794\" class=\"elementor elementor-794 elementor-422\" data-elementor-post-type=\"page\">\n\t\t\t\t<div class=\"elementor-element elementor-element-4f82f1c e-flex e-con-boxed e-con e-parent\" data-id=\"4f82f1c\" data-element_type=\"container\" data-e-type=\"container\" data-settings=\"{&quot;background_background&quot;:&quot;video&quot;,&quot;background_video_link&quot;:&quot;https:\\\/\\\/aegeancapital.com\\\/wp-content\\\/uploads\\\/2025\\\/09\\\/WhatsApp-Video-2025-09-03-at-1.54.22-AM.mp4&quot;,&quot;background_play_on_mobile&quot;:&quot;yes&quot;}\">\n\t\t\t\t\t<div class=\"e-con-inner\">\n\t\t<div class=\"elementor-background-video-container\">\n\t\t\t\t\t\t\t<video class=\"elementor-background-video-hosted\" role=\"presentation\" autoplay muted playsinline loop><\/video>\n\t\t\t\t\t<\/div><div class=\"elementor-element elementor-element-ae5c341 e-con-full e-flex e-con e-child\" data-id=\"ae5c341\" data-element_type=\"container\" data-e-type=\"container\">\n\t\t\t\t<div class=\"elementor-element elementor-element-4a697f5 elementor-widget elementor-widget-heading\" data-id=\"4a697f5\" data-element_type=\"widget\" data-e-type=\"widget\" data-widget_type=\"heading.default\">\n\t\t\t\t\t<h2 class=\"elementor-heading-title elementor-size-default\">Kullan\u0131m \u015eartlar\u0131<\/h2>\t\t\t\t<\/div>\n\t\t<div class=\"elementor-element elementor-element-f083442 e-con-full e-flex e-con e-child\" data-id=\"f083442\" data-element_type=\"container\" data-e-type=\"container\">\n\t\t\t\t<div class=\"elementor-element elementor-element-95d5345 elementor-widget__width-initial elementor-widget-divider--view-line elementor-widget elementor-widget-divider\" data-id=\"95d5345\" data-element_type=\"widget\" data-e-type=\"widget\" data-widget_type=\"divider.default\">\n\t\t\t\t\t\t\t<div class=\"elementor-divider\">\n\t\t\t<span class=\"elementor-divider-separator\">\n\t\t\t\t\t\t<\/span>\n\t\t<\/div>\n\t\t\t\t\t\t<\/div>\n\t\t\t\t<div class=\"elementor-element elementor-element-f0adf52 elementor-widget__width-initial elementor-widget-divider--view-line elementor-widget elementor-widget-divider\" data-id=\"f0adf52\" data-element_type=\"widget\" data-e-type=\"widget\" data-widget_type=\"divider.default\">\n\t\t\t\t\t\t\t<div class=\"elementor-divider\">\n\t\t\t<span class=\"elementor-divider-separator\">\n\t\t\t\t\t\t<\/span>\n\t\t<\/div>\n\t\t\t\t\t\t<\/div>\n\t\t\t\t<\/div>\n\t\t\t\t<\/div>\n\t\t\t\t\t<\/div>\n\t\t\t\t<\/div>\n\t\t<div class=\"elementor-element elementor-element-dbf6190 e-flex e-con-boxed e-con e-parent\" data-id=\"dbf6190\" data-element_type=\"container\" data-e-type=\"container\">\n\t\t\t\t\t<div class=\"e-con-inner\">\n\t\t<div class=\"elementor-element elementor-element-6d47243 e-con-full e-flex e-con e-child\" data-id=\"6d47243\" data-element_type=\"container\" data-e-type=\"container\">\n\t\t\t\t<div class=\"elementor-element elementor-element-9ff5585 elementor-widget elementor-widget-text-editor\" data-id=\"9ff5585\" data-element_type=\"widget\" data-e-type=\"widget\" data-settings=\"{&quot;_animation&quot;:&quot;none&quot;}\" data-widget_type=\"text-editor.default\">\n\t\t\t\t\t\t\t\t\t<p>AC Aegean Dan\u0131\u015fmanl\u0131k Anonim \u015eirketi ve onun ba\u011fl\u0131 kurulu\u015flar\u0131 (\u201cAegean Capital\u201d veya \u201cAC\u201d veya birinci \u00e7o\u011ful \u015fah\u0131s), bu Web sitesinin (\u201cSite\u201d) i\u00e7eri\u011fini a\u015fa\u011f\u0131daki kay\u0131t ve \u015fartlara (\u201cKullan\u0131m \u015eartlar\u0131\u201d) tabi olarak sunmaktad\u0131r. Kullan\u0131m \u015eartlar\u0131\u2019n\u0131 zaman zaman de\u011fi\u015ftirebiliriz. Bu nedenle, ara s\u0131ra Kullan\u0131m \u015eartlar\u0131\u2019na tekrar bakman\u0131z\u0131 rica ederiz. Bu Kullan\u0131m \u015eartlar\u0131 en son 1 Eyl\u00fcl 2025 tarihinde g\u00fcncelle\u015ftirilmi\u015ftir. AC\u2019nin kullan\u0131c\u0131 bilgilerini toplama, kullanma ve saklama ile ilgili uygulama ve politikalar\u0131 hakk\u0131nda a\u00e7\u0131klamalar\u0131 \u00f6\u011frenmek i\u00e7in, l\u00fctfen <a href=\"https:\/\/aegeancapital.com\/tr\/gizlilik-politikasi\/\"><u>Gizlilik Politikam\u0131z<\/u><\/a>\u2019\u0131 okuyunuz.<\/p>\t\t\t\t\t\t\t\t<\/div>\n\t\t\t\t<div class=\"elementor-element elementor-element-7e9e051 elementor-widget elementor-widget-heading\" data-id=\"7e9e051\" data-element_type=\"widget\" data-e-type=\"widget\" data-widget_type=\"heading.default\">\n\t\t\t\t\t<h2 class=\"elementor-heading-title elementor-size-default\">1.Telif Haklar\u0131<\/h2>\t\t\t\t<\/div>\n\t\t\t\t<div class=\"elementor-element elementor-element-4eeaeb5 elementor-widget elementor-widget-text-editor\" data-id=\"4eeaeb5\" data-element_type=\"widget\" data-e-type=\"widget\" data-settings=\"{&quot;_animation&quot;:&quot;none&quot;}\" data-widget_type=\"text-editor.default\">\n\t\t\t\t\t\t\t\t\tMetinler, grafikler, logolar, simgeler ve g\u00f6r\u00fcnt\u00fcler ve bunlar\u0131n se\u00e7ili\u015f ve d\u00fczenleni\u015f \u015fekilleri de dahil olmak \u00fczere Site\u2019de bulunan b\u00fct\u00fcn i\u00e7erikler ve i\u015flevler, sadece AC\u2019nin veya ona lisans vermi\u015f olan kurulu\u015flar\u0131n m\u00fclk\u00fcd\u00fcr ve T\u00fcrkiye\u2019nin telif hakk\u0131 kanunlar\u0131yla ve uluslararas\u0131 telif hakk\u0131 kanunlar\u0131yla korunmaktad\u0131r. \t\t\t\t\t\t\t\t<\/div>\n\t\t\t\t<div class=\"elementor-element elementor-element-3972761 elementor-widget elementor-widget-heading\" data-id=\"3972761\" data-element_type=\"widget\" data-e-type=\"widget\" data-widget_type=\"heading.default\">\n\t\t\t\t\t<h2 class=\"elementor-heading-title elementor-size-default\">2. Markalar<\/h2>\t\t\t\t<\/div>\n\t\t\t\t<div class=\"elementor-element elementor-element-d0a8cd4 elementor-widget elementor-widget-text-editor\" data-id=\"d0a8cd4\" data-element_type=\"widget\" data-e-type=\"widget\" data-settings=\"{&quot;_animation&quot;:&quot;none&quot;}\" data-widget_type=\"text-editor.default\">\n\t\t\t\t\t\t\t\t\tSite\u2019de yer alan ticari markalar, hizmet markalar\u0131, amblemler ve logolor (birlikte \u201cMarkalar\u201d), AC\u2019nin ve ona lisans vermi\u015f olan kurulu\u015flar\u0131n tescilli veya tescilsiz Markalar\u2019\u0131d\u0131r. Reklam veya tan\u0131t\u0131m maksad\u0131yla veya herhangi bir \u00fc\u00e7\u00fcnc\u00fc \u015fahs\u0131 bilgilendirmek veya etkilemek maksad\u0131yla herhangi bir halka a\u00e7\u0131k ileti\u015fim arac\u0131 vas\u0131tas\u0131nda hi\u00e7bir bilgiyi AC\u2019ye veya ona lisans vermi\u015f olan kurulu\u015flara ait olarak g\u00f6stermeyece\u011finizi veya onlara atfetmeyece\u011finizi ve AC veya ona lisans vermi\u015f kurulu\u015flara ait hi\u00e7bir Marka\u2019y\u0131 kullanmayaca\u011f\u0131n\u0131z\u0131 veya \u00e7o\u011faltmayaca\u011f\u0131n\u0131z\u0131; AC veya ona lisans vermi\u015f kurulu\u015flar\u0131n herhangi bir onay\u0131na sahip oldu\u011funuzu veya onlarla bir ili\u015fkiniz oldu\u011funu ima etmeyece\u011finizi kabul etmi\u015f bulunuyorsunuz. \t\t\t\t\t\t\t\t<\/div>\n\t\t\t\t<div class=\"elementor-element elementor-element-85535cd elementor-widget elementor-widget-heading\" data-id=\"85535cd\" data-element_type=\"widget\" data-e-type=\"widget\" data-widget_type=\"heading.default\">\n\t\t\t\t\t<h2 class=\"elementor-heading-title elementor-size-default\">3. Site i\u00e7eri\u011finin kullan\u0131lmas\u0131<\/h2>\t\t\t\t<\/div>\n\t\t\t\t<div class=\"elementor-element elementor-element-0c6efab elementor-widget elementor-widget-text-editor\" data-id=\"0c6efab\" data-element_type=\"widget\" data-e-type=\"widget\" data-settings=\"{&quot;_animation&quot;:&quot;none&quot;}\" data-widget_type=\"text-editor.default\">\n\t\t\t\t\t\t\t\t\tAC, size, i\u015fbu belgenin s\u00fcresi boyunca ge\u00e7erli olmak \u00fczere, sadece firman\u0131z dahilinde ve i\u015f ama\u00e7l\u0131 olarak herhangi bir tek adet bilgisayarda Site\u2019de g\u00f6r\u00fcnt\u00fclenen i\u00e7eriklere ve i\u015flevlere eri\u015fmek ve bunlar\u0131 indirmek, g\u00f6r\u00fcnt\u00fclemek ve bir adet kopyas\u0131n\u0131 almak i\u00e7in, m\u00fcnhas\u0131rl\u0131k hakk\u0131 vermeyen ve devri kabil olmayan bir lisans vermi\u015ftir, \u015fu \u015fartla ki Site \u0130\u00e7eri\u011fi taraf\u0131n\u0131zdan hi\u00e7bir \u015fekilde de\u011fi\u015ftirilmeyecek ve Site \u0130\u00e7eri\u011finde g\u00f6r\u00fcnt\u00fclenen telif hakk\u0131yla ve ba\u015fka fikir haklar\u0131 m\u00fclkiyetiyle ilgili b\u00fct\u00fcn uyar\u0131lar muhafaza edilecektir. Bunun d\u0131\u015f\u0131nda, AC\u2019nin \u00f6nceden yaz\u0131l\u0131 onay\u0131n\u0131 almadan Site \u0130\u00e7eri\u011fini \u00e7o\u011faltman\u0131z, de\u011fi\u015ftirmeniz, da\u011f\u0131tman\u0131z, aktarman\u0131z, post etmeniz veya if\u015fa etmeniz yasakt\u0131r. \t\t\t\t\t\t\t\t<\/div>\n\t\t\t\t<div class=\"elementor-element elementor-element-f1fb52f elementor-widget elementor-widget-heading\" data-id=\"f1fb52f\" data-element_type=\"widget\" data-e-type=\"widget\" data-widget_type=\"heading.default\">\n\t\t\t\t\t<h2 class=\"elementor-heading-title elementor-size-default\">4. Kullan\u0131c\u0131 postingleri<\/h2>\t\t\t\t<\/div>\n\t\t\t\t<div class=\"elementor-element elementor-element-f19ea01 elementor-widget elementor-widget-text-editor\" data-id=\"f19ea01\" data-element_type=\"widget\" data-e-type=\"widget\" data-settings=\"{&quot;_animation&quot;:&quot;none&quot;}\" data-widget_type=\"text-editor.default\">\n\t\t\t\t\t\t\t\t\tAC\u2019nin taraf\u0131n\u0131zdan Site\u2019de post edilen veya postinglerde, anket cevaplar\u0131nda veya ba\u015fka bir yolla yay\u0131nlanan herhangi bir bilgiyi ve b\u00fct\u00fcn bilgileri kullanmak, i\u015flemek, \u00e7o\u011faltmak, yay\u0131nlamak, halka duyuru konusu yapmak ve ba\u015fka bir \u015fekilde i\u015fletmek konusunda k\u0131s\u0131tlamas\u0131z bir hakka sahip oldu\u011fu taraf\u0131n\u0131zdan bilinmektedir ve kabul edilmi\u015ftir. Ayr\u0131ca, AC\u2019nin s\u00f6z konusu verilen bilgileri kullanmas\u0131 ve yay\u0131nlamas\u0131yla ba\u011flant\u0131l\u0131 olarak, gizlilik veya aleniyet haklar\u0131n\u0131n, manevi haklar\u0131n, fikri m\u00fclkiyet haklar\u0131n\u0131n veya at\u0131f haklar\u0131n\u0131n iddia edilen veya ger\u00e7ek ihlallerinden dolay\u0131 AC aleyhine her t\u00fcr tazminat talebinizden pe\u015finen feragat ediyorsunuz. Site\u2019de (a) tehdit edici, karalay\u0131c\u0131, iftira niteli\u011finde veya m\u00fcstehcen materyaller; (b) su\u00e7 te\u015fkil edecek veya tazminat y\u00fck\u00fcml\u00fcl\u00fc\u011f\u00fc getirecek nitelikte veya ba\u015fka bir \u015fekilde kanunu ihlal edecek nitelikte bir eylem olu\u015fturan veya bu t\u00fcr bir eylemi te\u015fvik eden materyaller; (c) herhangi bir fikri m\u00fclkiyet hakk\u0131n\u0131, \u00f6zel hayat\u0131n gizlili\u011fi hakk\u0131n\u0131 veya \u00fc\u00e7\u00fcnc\u00fc \u015fah\u0131slara ait ba\u015fka haklar\u0131 ihlal eden materyaller; (d) bilgisayar vir\u00fcs\u00fc veya ba\u015fka bir tahrip edici unsur bar\u0131nd\u0131ran materyaller; (e) reklam i\u00e7eren materyaller; veya (f) yanl\u0131\u015f veya yan\u0131lt\u0131c\u0131 a\u00e7\u0131klamalar te\u015fkil eden veya i\u00e7eren materyaller post etmeyece\u011finizi veya ba\u015fka bir \u015fekilde yay\u0131nlamayaca\u011f\u0131n\u0131z\u0131 kabul ediyorsunuz. AC, Site\u2019de kullan\u0131c\u0131lar taraf\u0131ndan post edilen b\u00fct\u00fcn bilgileri kontrol etmemektedir ve kontrol etmesine de imkan yoktur. Bununla birlikte, AC, herhangi bir nedenle veya herhangi bir neden g\u00f6stermeksizin herhangi bir bilgiyi k\u0131smen veya tamamen post etmeyi reddetme hakk\u0131n\u0131 veya herhangi bir bilgiyi k\u0131smen veya tamamen kald\u0131rma hakk\u0131n\u0131 sakl\u0131 tutar.         \t\t\t\t\t\t\t\t<\/div>\n\t\t\t\t<div class=\"elementor-element elementor-element-c7f1998 elementor-widget elementor-widget-heading\" data-id=\"c7f1998\" data-element_type=\"widget\" data-e-type=\"widget\" data-widget_type=\"heading.default\">\n\t\t\t\t\t<h2 class=\"elementor-heading-title elementor-size-default\">5. \u0130hlal ihbarlar\u0131 ve AC taraf\u0131ndan kald\u0131rma<\/h2>\t\t\t\t<\/div>\n\t\t\t\t<div class=\"elementor-element elementor-element-2e52283 elementor-widget elementor-widget-text-editor\" data-id=\"2e52283\" data-element_type=\"widget\" data-e-type=\"widget\" data-settings=\"{&quot;_animation&quot;:&quot;none&quot;}\" data-widget_type=\"text-editor.default\">\n\t\t\t\t\t\t\t\t\tAC, herhangi bir ki\u015fi veya kurulu\u015fun telif haklar\u0131n\u0131 ve\/veya ba\u015fka fikri m\u00fclkiyet haklar\u0131n\u0131 (buna \u00f6zel hayat\u0131n gizlili\u011fi ve aleniyet haklar\u0131 da dahildir) ihlal eden herhangi bir bilginin post edilmesini yasaklam\u0131\u015ft\u0131r. E\u011fer fikri m\u00fclkiyet hakk\u0131n\u0131z\u0131n (veya icra etmekten sorumlu oldu\u011funuz bunun gibi bir hakk\u0131n) Site\u2019deki herhangi bir i\u00e7erik taraf\u0131ndan ihlal edildi\u011fini d\u00fc\u015f\u00fcn\u00fcrseniz, l\u00fctfen a\u015fa\u011f\u0131da belirtilen adresi kullanarak, a\u015fa\u011f\u0131daki bilgileri i\u00e7eren yaz\u0131l\u0131 bir ihbarla AC\u2019yi haberdar edin. \u0130hbarda yer almas\u0131 gereken bilgiler \u015funlard\u0131r: (a) ihlal edildi\u011fi iddia olunan telif hakk\u0131 konusu eserin ve\/veya fikri m\u00fclkiyet hakk\u0131n\u0131n ne oldu\u011fu; (b) Site\u2019den \u00e7\u0131kar\u0131lmas\u0131 istenen, ihlal edici nitelikte oldu\u011fu iddia edilen materyalin ne oldu\u011fu; (c) sizin ad\u0131n\u0131z, adresiniz ve g\u00fcn i\u00e7i ula\u015f\u0131labilecek telefon numaran\u0131z ve varsa e-posta adresiniz; \t\t\t\t\t\t\t\t<\/div>\n\t\t\t\t<div class=\"elementor-element elementor-element-09fa2bc elementor-widget elementor-widget-text-editor\" data-id=\"09fa2bc\" data-element_type=\"widget\" data-e-type=\"widget\" data-settings=\"{&quot;_animation&quot;:&quot;none&quot;}\" data-widget_type=\"text-editor.default\">\n\t\t\t\t\t\t\t\t\t(d) telif hakk\u0131 konusu eserin kullan\u0131lmas\u0131na ve\/veya fikri m\u00fclkiyet hakk\u0131n\u0131n kullan\u0131lmas\u0131na s\u00f6z konusu hakk\u0131n sahibi, onun temsilcisi veya kanun taraf\u0131ndan izin verilmedi\u011fine dair iyi niyete dayal\u0131 bir inanc\u0131n\u0131z oldu\u011funa dair beyan\u0131n\u0131z; (e) ihbar\u0131n\u0131zda yer alan bilgilerin do\u011fru oldu\u011funa ve, aksi taktirde yalanc\u0131 \u015fahitlik su\u00e7u i\u015flemi\u015f olaca\u011f\u0131n\u0131z\u0131 bilerek, imzalayan ki\u015finin ihlal edildi\u011fi iddia edilen hakk\u0131n sahibi ad\u0131na hareket etmeye yetkili oldu\u011funa dair bir beyan; ve (f) fikri m\u00fclkiyet hakk\u0131 sahibinin veya onun ad\u0131na hakk\u0131n ihlal edildi\u011fini iddia etmeye yetkili birinin imzas\u0131. AC, T\u00fcrkiye kanunlar\u0131na g\u00f6re herhangi bir ki\u015finin telif hakk\u0131n\u0131 veya ba\u015fka bir fikri m\u00fclkiyet hakk\u0131n\u0131 ihlal edilen post edilmi\u015f bir g\u00f6nderiyi, b\u00f6yle bir ihbar\u0131n kendisine ula\u015fmas\u0131 \u00fczerine kald\u0131racakt\u0131r. Kanunlar, bu konuda yalan beyanda bulunulmas\u0131 durumunda ciddi cezalar i\u00e7ermektedir. Uygun durumlarda, ihlal edici nitelikte veya yasad\u0131\u015f\u0131 materyalleri \u0131srarla g\u00f6ndermeye devam eden ki\u015filerin ba\u015fka g\u00f6nderiler yapmalar\u0131 yasaklanacakt\u0131r. AC\u2019nin i\u015fbu K\u0131s\u0131m 5 ile ilgili ihbarlar konusunda ilgili birimi ve adresi, Esentepe Mah. Harman Sok. No:5 Kat:14 Daire:28 Harmanc\u0131 GIZ Plaza \u015ei\u015fli\/\u0130stanbul T\u00dcRK\u0130YE           \t\t\t\t\t\t\t\t<\/div>\n\t\t\t\t<div class=\"elementor-element elementor-element-982b38e elementor-widget elementor-widget-heading\" data-id=\"982b38e\" data-element_type=\"widget\" data-e-type=\"widget\" data-widget_type=\"heading.default\">\n\t\t\t\t\t<h2 class=\"elementor-heading-title elementor-size-default\">6. Kabul edilmeyen sorumluluklar<\/h2>\t\t\t\t<\/div>\n\t\t\t\t<div class=\"elementor-element elementor-element-77bca98 elementor-widget elementor-widget-text-editor\" data-id=\"77bca98\" data-element_type=\"widget\" data-e-type=\"widget\" data-settings=\"{&quot;_animation&quot;:&quot;none&quot;}\" data-widget_type=\"text-editor.default\">\n\t\t\t\t\t\t\t\t\tS\u0130TE\u2019DE BULUNAN \u0130\u00c7ER\u0130K VE \u0130\u015eLEVLER SUNULURKEN AC\u2019N\u0130N S\u0130ZE HERHANG\u0130 B\u0130R PROFESYONEL DANI\u015eMANLIK SA\u011eLAMADI\u011eI VEYA H\u0130ZMET VERMED\u0130\u011e\u0130 B\u0130L\u0130NMEL\u0130D\u0130R. S\u0130TE\u2019DEK\u0130 B\u00dcT\u00dcN \u0130\u00c7ER\u0130K VE \u0130\u015eLEVLER, \u201cOLDU\u011eU G\u0130B\u0130\u201d, BUNLARLA SINIRLI OLMAMAK KAYDIYLA SATILAB\u0130L\u0130RL\u0130K VEYA BEL\u0130RL\u0130 B\u0130R AMACA UYGUNLUK KONUSUNDA ZIMN\u0130 GARANT\u0130LER DE OLMAK \u00dcZERE A\u00c7IK VEYA ZIMN\u0130 HER NE T\u00dcRDEN OLURSA OLSUN H\u0130\u00c7B\u0130R GARANT\u0130 OLMAKSIZIN VER\u0130LMEKTED\u0130R. AC VE ONUN \u00dc\u00c7\u00dcNC\u00dc \u015eAHIS \u0130\u00c7ER\u0130K SA\u011eLAYICILARI, S\u0130TE \u0130\u00c7ER\u0130\u011e\u0130N\u0130N M\u00dcLK\u0130YET\u0130, DO\u011eRULU\u011eU VEYA YETERL\u0130L\u0130\u011e\u0130 KONUSUNDA A\u00c7IK VEYA ZIMN\u0130 H\u0130\u00c7B\u0130R GARANT\u0130 VERMEMEKTED\u0130R. AC, S\u0130TE\u2019DE YAYINLANAN KULLANICI G\u00d6NDER\u0130LER\u0130NDE YER ALAN VEYA \u00dc\u00c7\u00dcNC\u00dc \u015eAHISLARCA SA\u011eLANAN BA\u011eLANILMI\u015e WEB S\u0130TELER\u0130NDE YAYINLANAN B\u0130LG\u0130LERDEN DOLAYI H\u0130\u00c7B\u0130R SORUMLULUK TA\u015eIMAYACAKTIR. AC VE ONUN \u00dc\u00c7\u00dcNC\u00dc \u015eAHIS \u0130\u00c7ER\u0130K SA\u011eLAYICILARI, S\u00d6Z KONUSU HASAR VEYA KAYIPLARIN M\u00dcMK\u00dcN OLDU\u011eUNDAN HABERDAR ED\u0130LM\u0130\u015e OLSUNLAR VEYA OLMASINLAR VE HANG\u0130 SORUMLULUK TEOR\u0130S\u0130 \u00c7ER\u00c7EVES\u0130NDE OLURSA OLSUN, H\u0130\u00c7B\u0130R DOLAYLI, ARIZ\u0130, SONU\u00c7 OLARAK ORTAYA \u00c7IKAN VEYA MUHTEMEL CEZALARDAN KAYNAKLANAN HASARDAN VEYA GEL\u0130R VEYA KAR KAYBINDAN SORUMLU OLMAYACAKLARDIR.    \t\t\t\t\t\t\t\t<\/div>\n\t\t\t\t<div class=\"elementor-element elementor-element-1a1881e elementor-widget elementor-widget-heading\" data-id=\"1a1881e\" data-element_type=\"widget\" data-e-type=\"widget\" data-widget_type=\"heading.default\">\n\t\t\t\t\t<h2 class=\"elementor-heading-title elementor-size-default\">7. \u00dc\u00e7\u00fcnc\u00fc \u015eah\u0131s Web Siteleri<\/h2>\t\t\t\t<\/div>\n\t\t\t\t<div class=\"elementor-element elementor-element-257ea49 elementor-widget elementor-widget-text-editor\" data-id=\"257ea49\" data-element_type=\"widget\" data-e-type=\"widget\" data-settings=\"{&quot;_animation&quot;:&quot;none&quot;}\" data-widget_type=\"text-editor.default\">\n\t\t\t\t\t\t\t\t\tBaz\u0131 \u00fc\u00e7\u00fcnc\u00fc \u015fah\u0131s web sitelerine ba\u011flant\u0131lar sa\u011flayabiliriz ve bu Site\u2019de imi\u015f gibi g\u00f6r\u00fcnen baz\u0131 i\u00e7erikler asl\u0131nda \u00fc\u00e7\u00fcnc\u00fc \u015fah\u0131slarca sa\u011flan\u0131yor olabilir. \u00d6rne\u011fin, \u00fc\u00e7\u00fcnc\u00fc \u015fah\u0131s Web sitelerinin \u00e7er\u00e7eve koyma uygulamalar\u0131 veya i\u00e7erik \u00e7er\u00e7eveleri vas\u0131tas\u0131yla \u00fc\u00e7\u00fcnc\u00fc \u015fah\u0131s sunucularca temin edilmi\u015f i\u00e7eriklerin eklenmesi gibi durumlar bu gibi durumlara \u00f6rnektir. AC, bu \u00fc\u00e7\u00fcnc\u00fc \u015fah\u0131s Web sitelerinden dolay\u0131 hi\u00e7bir sorumlulu\u011fa sahip de\u011fildir. Bu Web siteleri, ilgili \u00fc\u00e7\u00fcnc\u00fc \u015fah\u0131s tedarik\u00e7ilerin kullan\u0131m \u015fartlar\u0131na ve gizlilik politikalar\u0131na (e\u011fer varsa) tabidir. \t\t\t\t\t\t\t\t<\/div>\n\t\t\t\t<div class=\"elementor-element elementor-element-b33f431 elementor-widget elementor-widget-heading\" data-id=\"b33f431\" data-element_type=\"widget\" data-e-type=\"widget\" data-widget_type=\"heading.default\">\n\t\t\t\t\t<h2 class=\"elementor-heading-title elementor-size-default\">8. Ge\u00e7erli hukuk ve yetkili mahkeme<\/h2>\t\t\t\t<\/div>\n\t\t\t\t<div class=\"elementor-element elementor-element-bc7e665 elementor-widget elementor-widget-text-editor\" data-id=\"bc7e665\" data-element_type=\"widget\" data-e-type=\"widget\" data-settings=\"{&quot;_animation&quot;:&quot;none&quot;}\" data-widget_type=\"text-editor.default\">\n\t\t\t\t\t\t\t\t\t\u0130\u015fbu Kullan\u0131m \u015eartlar\u0131, bu kanunlardaki kanunlar\u0131n \u00e7eli\u015fmesine ili\u015fkin ilkelere herhangi bir g\u00f6nderme yap\u0131lmaks\u0131z\u0131n T\u00fcrkiye kanunlar\u0131na tabidir.\t\t\t\t\t\t\t\t<\/div>\n\t\t\t\t<\/div>\n\t\t\t\t\t<\/div>\n\t\t\t\t<\/div>\n\t\t\t\t<\/div>\n\t\t","protected":false},"excerpt":{"rendered":"<p>Kullan\u0131m \u015eartlar\u0131 AC Aegean Dan\u0131\u015fmanl\u0131k Anonim \u015eirketi ve onun ba\u011fl\u0131 kurulu\u015flar\u0131 (\u201cAegean Capital\u201d veya \u201cAC\u201d veya birinci \u00e7o\u011ful \u015fah\u0131s), bu Web sitesinin (\u201cSite\u201d) i\u00e7eri\u011fini a\u015fa\u011f\u0131daki kay\u0131t ve \u015fartlara (\u201cKullan\u0131m \u015eartlar\u0131\u201d) tabi olarak sunmaktad\u0131r. Kullan\u0131m \u015eartlar\u0131\u2019n\u0131 zaman zaman de\u011fi\u015ftirebiliriz. Bu nedenle, ara s\u0131ra Kullan\u0131m \u015eartlar\u0131\u2019na tekrar bakman\u0131z\u0131 rica ederiz. Bu Kullan\u0131m \u015eartlar\u0131 en son 1 Eyl\u00fcl&hellip; <a class=\"more-link\" href=\"https:\/\/aegeancapital.com\/tr\/kullanim-sartlari\/\">Okumaya devam et <span class=\"screen-reader-text\">Kullan\u0131m \u015eartlar\u0131<\/span><\/a><\/p>\n","protected":false},"author":1,"featured_media":0,"parent":0,"menu_order":0,"comment_status":"closed","ping_status":"closed","template":"elementor_header_footer","meta":{"footnotes":""},"class_list":["post-794","page","type-page","status-publish","hentry","entry"],"_links":{"self":[{"href":"https:\/\/aegeancapital.com\/tr\/wp-json\/wp\/v2\/pages\/794","targetHints":{"allow":["GET"]}}],"collection":[{"href":"https:\/\/aegeancapital.com\/tr\/wp-json\/wp\/v2\/pages"}],"about":[{"href":"https:\/\/aegeancapital.com\/tr\/wp-json\/wp\/v2\/types\/page"}],"author":[{"embeddable":true,"href":"https:\/\/aegeancapital.com\/tr\/wp-json\/wp\/v2\/users\/1"}],"replies":[{"embeddable":true,"href":"https:\/\/aegeancapital.com\/tr\/wp-json\/wp\/v2\/comments?post=794"}],"version-history":[{"count":4,"href":"https:\/\/aegeancapital.com\/tr\/wp-json\/wp\/v2\/pages\/794\/revisions"}],"predecessor-version":[{"id":824,"href":"https:\/\/aegeancapital.com\/tr\/wp-json\/wp\/v2\/pages\/794\/revisions\/824"}],"wp:attachment":[{"href":"https:\/\/aegeancapital.com\/tr\/wp-json\/wp\/v2\/media?parent=794"}],"curies":[{"name":"wp","href":"https:\/\/api.w.org\/{rel}","templated":true}]}}