{"id":788,"date":"2025-08-26T14:27:35","date_gmt":"2025-08-26T14:27:35","guid":{"rendered":"https:\/\/aegeancapital.com\/gizlilik-politikasi\/"},"modified":"2025-09-29T12:55:47","modified_gmt":"2025-09-29T12:55:47","slug":"gizlilik-politikasi","status":"publish","type":"page","link":"https:\/\/aegeancapital.com\/tr\/gizlilik-politikasi\/","title":{"rendered":"Gizlilik Politikas\u0131"},"content":{"rendered":"\t\t<div data-elementor-type=\"wp-page\" data-elementor-id=\"788\" class=\"elementor elementor-788 elementor-3\" data-elementor-post-type=\"page\">\n\t\t\t\t<div class=\"elementor-element elementor-element-bfa279f e-flex e-con-boxed e-con e-parent\" data-id=\"bfa279f\" data-element_type=\"container\" data-e-type=\"container\" data-settings=\"{&quot;background_background&quot;:&quot;video&quot;,&quot;background_video_link&quot;:&quot;https:\\\/\\\/aegeancapital.com\\\/wp-content\\\/uploads\\\/2025\\\/09\\\/WhatsApp-Video-2025-09-03-at-1.54.22-AM.mp4&quot;,&quot;background_play_on_mobile&quot;:&quot;yes&quot;}\">\n\t\t\t\t\t<div class=\"e-con-inner\">\n\t\t<div class=\"elementor-background-video-container\">\n\t\t\t\t\t\t\t<video class=\"elementor-background-video-hosted\" role=\"presentation\" autoplay muted playsinline loop><\/video>\n\t\t\t\t\t<\/div><div class=\"elementor-element elementor-element-944d347 e-con-full e-flex e-con e-child\" data-id=\"944d347\" data-element_type=\"container\" data-e-type=\"container\">\n\t\t\t\t<div class=\"elementor-element elementor-element-237a941 elementor-widget elementor-widget-heading\" data-id=\"237a941\" data-element_type=\"widget\" data-e-type=\"widget\" data-widget_type=\"heading.default\">\n\t\t\t\t\t<h2 class=\"elementor-heading-title elementor-size-default\">Gizlilik Politikas\u0131 <\/h2>\t\t\t\t<\/div>\n\t\t<div class=\"elementor-element elementor-element-b4f9600 e-con-full e-flex e-con e-child\" data-id=\"b4f9600\" data-element_type=\"container\" data-e-type=\"container\">\n\t\t\t\t<div class=\"elementor-element elementor-element-fdf9fad elementor-widget__width-initial elementor-widget-divider--view-line elementor-widget elementor-widget-divider\" data-id=\"fdf9fad\" data-element_type=\"widget\" data-e-type=\"widget\" data-widget_type=\"divider.default\">\n\t\t\t\t\t\t\t<div class=\"elementor-divider\">\n\t\t\t<span class=\"elementor-divider-separator\">\n\t\t\t\t\t\t<\/span>\n\t\t<\/div>\n\t\t\t\t\t\t<\/div>\n\t\t\t\t<div class=\"elementor-element elementor-element-30cc04f elementor-widget__width-initial elementor-widget-divider--view-line elementor-widget elementor-widget-divider\" data-id=\"30cc04f\" data-element_type=\"widget\" data-e-type=\"widget\" data-widget_type=\"divider.default\">\n\t\t\t\t\t\t\t<div class=\"elementor-divider\">\n\t\t\t<span class=\"elementor-divider-separator\">\n\t\t\t\t\t\t<\/span>\n\t\t<\/div>\n\t\t\t\t\t\t<\/div>\n\t\t\t\t<\/div>\n\t\t\t\t<\/div>\n\t\t\t\t\t<\/div>\n\t\t\t\t<\/div>\n\t\t<div class=\"elementor-element elementor-element-e56718f e-flex e-con-boxed e-con e-parent\" data-id=\"e56718f\" data-element_type=\"container\" data-e-type=\"container\">\n\t\t\t\t\t<div class=\"e-con-inner\">\n\t\t<div class=\"elementor-element elementor-element-88abe88 e-con-full e-flex e-con e-child\" data-id=\"88abe88\" data-element_type=\"container\" data-e-type=\"container\">\n\t\t\t\t<div class=\"elementor-element elementor-element-f08c512 elementor-widget elementor-widget-heading\" data-id=\"f08c512\" data-element_type=\"widget\" data-e-type=\"widget\" data-widget_type=\"heading.default\">\n\t\t\t\t\t<h2 class=\"elementor-heading-title elementor-size-default\">\u0130lgilinin kimli\u011fini ortaya koyan nitelikte ne t\u00fcr bilgiler toplanmaktad\u0131r?<\/h2>\t\t\t\t<\/div>\n\t\t\t\t<div class=\"elementor-element elementor-element-19cc854 elementor-widget elementor-widget-text-editor\" data-id=\"19cc854\" data-element_type=\"widget\" data-e-type=\"widget\" data-settings=\"{&quot;_animation&quot;:&quot;none&quot;}\" data-widget_type=\"text-editor.default\">\n\t\t\t\t\t\t\t\t\t<p>AC Aegean Dan\u0131\u015fmanl\u0131k Anonim \u015eirketi ve onun ba\u011fl\u0131 kurulu\u015flar\u0131 (\u201cAegean Capital\u201d veya \u201cAC\u201d veya birinci \u00e7o\u011ful \u015fah\u0131s), siz bu Web sitesini (\u201cSite\u201d) kullan\u0131rken sizden toplad\u0131\u011f\u0131m\u0131z kimli\u011finizi ortaya koyan nitelikte bilgilerin gizlili\u011fini korumay\u0131 ilke edinmi\u015ftir. AC\u2019nin bu konudaki taahh\u00fctlerinin kapsam\u0131 i\u015fbu Gizlilik Politikas\u0131\u2019nda belirlenmektedir. Bilgi g\u00f6nderdi\u011finiz anda, AC\u2019nin s\u00f6z konusu bilgileri i\u015fbu belgede belirlenen \u015fekilde kullanmas\u0131n\u0131 kabul etmi\u015f oluyorsunuz. Genel olarak Internet politikalar\u0131m\u0131z konusunda daha fazla bilgi almak i\u00e7in <a href=\"https:\/\/aegeancapital.com\/tr\/kullanim-sartlari\/\"><u>Kullan\u0131m \u015eartlar\u0131<\/u><\/a>\u2019m\u0131za bakman\u0131z\u0131 rica ederiz.<\/p>\t\t\t\t\t\t\t\t<\/div>\n\t\t\t\t<div class=\"elementor-element elementor-element-efd2559 elementor-widget elementor-widget-text-editor\" data-id=\"efd2559\" data-element_type=\"widget\" data-e-type=\"widget\" data-settings=\"{&quot;_animation&quot;:&quot;none&quot;}\" data-widget_type=\"text-editor.default\">\n\t\t\t\t\t\t\t\t\tAC, Site\u2019nin baz\u0131 alanlar\u0131nda kullan\u0131c\u0131lar kaydolduklar\u0131nda, yay\u0131n veya ba\u015fka bilgi iste\u011finde bulunduklar\u0131nda, konferanslar veya etkinlikler i\u00e7in kaydolduklar\u0131nda, i\u015f ba\u015fvurusu yapt\u0131klar\u0131nda ve \u00f6rne\u011fin b\u00fclten panolar\u0131, tart\u0131\u015fma forumlar\u0131 gibi kullan\u0131c\u0131 posting alanlar\u0131na ve anketlere kat\u0131ld\u0131klar\u0131nda, ilgilinin kimli\u011fini ortaya koyan nitelikte bilgiler toplamaktad\u0131r. Toplanan bu nitelikte bilgiler, sizin verdi\u011finiz isim, posta adresi, e-posta adresi, telefon ve faks numaralar\u0131 gibi bilgilerden veya i\u015fe alma maksatl\u0131 olarak \u00f6z ge\u00e7mi\u015finizde yer alan kimli\u011finizi ortaya koyar nitelikte ba\u015fka bilgilerden olu\u015fabilir. Ayr\u0131ca, AC, g\u00f6r\u00fcn\u00fc\u015fte sizin taraf\u0131n\u0131zdan girilmeyen baz\u0131 bilgileri de toplamaktad\u0131r; \u00f6rne\u011fin, sizin IP adresiniz, Site\u2019de dola\u015fma \u00f6r\u00fcnt\u00fcn\u00fcz, t\u0131klama ak\u0131\u015f\u0131n\u0131z ve a\u015fa\u011f\u0131da a\u00e7\u0131klanan \u015fekilde AC taraf\u0131ndan bilgisayar\u0131n\u0131za yerle\u015ftirilmi\u015f olan cookie\u2019lerin durumu gibi.  \t\t\t\t\t\t\t\t<\/div>\n\t\t\t\t<div class=\"elementor-element elementor-element-cdc975c elementor-widget elementor-widget-heading\" data-id=\"cdc975c\" data-element_type=\"widget\" data-e-type=\"widget\" data-widget_type=\"heading.default\">\n\t\t\t\t\t<h2 class=\"elementor-heading-title elementor-size-default\">AC bana ait kimli\u011fimi ortaya koyan nitelikte bilgileri nas\u0131l kullanabilir?<\/h2>\t\t\t\t<\/div>\n\t\t\t\t<div class=\"elementor-element elementor-element-9445791 elementor-widget elementor-widget-text-editor\" data-id=\"9445791\" data-element_type=\"widget\" data-e-type=\"widget\" data-settings=\"{&quot;_animation&quot;:&quot;none&quot;}\" data-widget_type=\"text-editor.default\">\n\t\t\t\t\t\t\t\t\tAC, size ait kimli\u011finizi ortaya koyan nitelikte bilgileri sizin bilgi isteklerinizi yerine getirmek i\u00e7in, konferans ve etkinliklere kat\u0131lma isteklerinizi i\u015fleme koymak i\u00e7in, g\u00f6nderebilece\u011finiz i\u015f ba\u015fvurular\u0131n\u0131 ve i\u015fle ilgili ba\u015fka sorular\u0131 de\u011ferlendirmek i\u00e7in veya sizin ba\u015flatabilece\u011finiz veya isteyebilece\u011finiz i\u015f ama\u00e7l\u0131 ba\u015fka maksatlarla kullanabilir. Size ait kimli\u011finizi ortaya koyan nitelikte bilgileri dosyada tutabilir ve i\u015fe alma ama\u00e7l\u0131 olarak sizinle temas kurmak i\u00e7in kullanabiliriz. Ayr\u0131ca, AC, ilgilinin kimli\u011fini ortaya koyan nitelikte bilgileri, Site\u2019mizdeki belirli alanlara ve post edilen bilgilere g\u00f6sterilen ilgiyi \u00f6l\u00e7mek amac\u0131yla istatistiksel kullan\u0131c\u0131 davran\u0131\u015f\u0131 analizleri yapmak i\u00e7in de kullanmaktad\u0131r. AC, a\u015fa\u011f\u0131da a\u00e7\u0131klanan \u015fekilde cookie\u2019ler ve IP adreslerinden toplanan ilgilinin ki\u015fili\u011fini ortaya koyan nitelikte bilgiler kullanmaktad\u0131r. AC, size ait kimli\u011finizi ortaya koyan nitelikte bilgileri bu t\u00fcr maksatlar i\u00e7in b\u00fct\u00fcn d\u00fcnyadaki ba\u011fl\u0131 kurulu\u015flar\u0131ndan veya hizmet tedarik\u00e7ilerinden herhangi birine verebilir.    \t\t\t\t\t\t\t\t<\/div>\n\t\t\t\t<div class=\"elementor-element elementor-element-4706aee elementor-widget elementor-widget-heading\" data-id=\"4706aee\" data-element_type=\"widget\" data-e-type=\"widget\" data-widget_type=\"heading.default\">\n\t\t\t\t\t<h2 class=\"elementor-heading-title elementor-size-default\">Cookie\u2019ler ve IP adresleri kullan\u0131lmakta m\u0131d\u0131r?<\/h2>\t\t\t\t<\/div>\n\t\t\t\t<div class=\"elementor-element elementor-element-0f054ba elementor-widget elementor-widget-text-editor\" data-id=\"0f054ba\" data-element_type=\"widget\" data-e-type=\"widget\" data-settings=\"{&quot;_animation&quot;:&quot;none&quot;}\" data-widget_type=\"text-editor.default\">\n\t\t\t\t\t\t\t\t\tSite, sizi ve sizin ilgi alanlar\u0131n\u0131z\u0131 tespit etmek ve Site\u2019nin kullan\u0131l\u0131\u015f\u0131n\u0131n takibini yapmak i\u00e7in cookie\u2019ler kullanmaktad\u0131r. Cookie\u2019ler, bilgisayar\u0131n\u0131za konulmu\u015f olan k\u00fc\u00e7\u00fck metin par\u00e7alar\u0131d\u0131r. Bunlar, hangi web taray\u0131c\u0131y\u0131 kulland\u0131\u011f\u0131n\u0131z\u0131 ve Site\u2019de ve baz\u0131 \u00f6zelliklerimizi kullanmak i\u00e7in ba\u011flanabilece\u011finiz Web sitelerinde nerelerde bulundu\u011funuzu tespit etmemizde yard\u0131mc\u0131 olurlar. Cookie\u2019mizi kabul etti\u011finiz zaman, her ziyaret etti\u011finizde oturum a\u00e7man\u0131za gerek kalmadan Site\u2019nin baz\u0131 sayfalar\u0131na eri\u015fmenize izin verilecektir. Site\u2019nin cookie\u2019sini kabul etmeyen bir kullan\u0131c\u0131, Site\u2019deki baz\u0131 alanlara eri\u015femeyebilir. Ayr\u0131ca, AC, sunucumuzdaki sorunlar\u0131n te\u015fhisine yard\u0131mc\u0131 olmas\u0131 ve Site\u2019nin y\u00f6netimi i\u00e7in, IP adreslerini veya bilgisayarlar\u0131n Internet\u2019teki konumunu da kaydetmektedir. E\u011fer bir cookie\u2019ye kabul etmemeyi tercih ederseniz, web taray\u0131c\u0131n\u0131z\u0131 cookie\u2019leri kabul etmeden \u00f6nce sizi uyaracak \u015fekilde ayarlayabilir veya web taray\u0131c\u0131n\u0131zda cookie\u2019leri kapatarak b\u00fct\u00fcn cookie\u2019leri reddedebilirsiniz.     \n\n\t\t\t\t\t\t\t\t<\/div>\n\t\t\t\t<div class=\"elementor-element elementor-element-53fda7f elementor-widget elementor-widget-heading\" data-id=\"53fda7f\" data-element_type=\"widget\" data-e-type=\"widget\" data-widget_type=\"heading.default\">\n\t\t\t\t\t<h2 class=\"elementor-heading-title elementor-size-default\">\u0130lgilinin kimli\u011fini ortaya koyan nitelikte bilgiler \u00fc\u00e7\u00fcnc\u00fc \u015fah\u0131slara if\u015fa ediliyor mu?<\/h2>\t\t\t\t<\/div>\n\t\t\t\t<div class=\"elementor-element elementor-element-0020d41 elementor-widget elementor-widget-text-editor\" data-id=\"0020d41\" data-element_type=\"widget\" data-e-type=\"widget\" data-settings=\"{&quot;_animation&quot;:&quot;none&quot;}\" data-widget_type=\"text-editor.default\">\n\t\t\t\t\t\t\t\t\tAC, size ait kimli\u011finizi ortaya koyan nitelikte bilgileri, s\u00f6z konusu \u00fc\u00e7\u00fcnc\u00fc \u015fah\u0131slar\u0131n pazarlamaya y\u00f6nelik maksatlar\u0131 i\u00e7in olsun ba\u015fka maksatlarla olsun, \u00fc\u00e7\u00fcnc\u00fc \u015fah\u0131slara (yani AC\u2019ye ba\u011fl\u0131 olmayan ki\u015filer ve AC\u2019nin ba\u011fl\u0131 kurulu\u015fu olmayan kurumlar) kasten if\u015fa etmeyecek ve aktarmayacakt\u0131r (ve bu bilgilerin gizlilik ve g\u00fcvenli\u011fini sa\u011flamak ve bu bilgilerin yetkisiz ki\u015filerin eline ge\u00e7mesini veya kaza eseri if\u015fa olmas\u0131n\u0131 \u00f6nlemek i\u00e7in makul giri\u015fimlerde bulunacakt\u0131r). Bu husus sadece \u015fu izleyen istisnalara tabidir: AC, herhangi bir \u00fclkenin, eyaletin veya ge\u00e7erli kaza dairesinin kanunlar\u0131n\u0131n, kurallar\u0131n\u0131n veya d\u00fczenlemelerinin gerektirdi\u011fi durumlarda size ait kimli\u011finizi ortaya koyan bilgileri \u00fc\u00e7\u00fcnc\u00fc \u015fah\u0131slara if\u015fa edebilir; AC, size AC taraf\u0131ndan aktar\u0131mlar ve teslimatlar ger\u00e7ekle\u015ftirilmesi i\u00e7in uygun oldu\u011funda size ait ileti\u015fim bilgilerini \u00fc\u00e7\u00fcnc\u00fc \u015fah\u0131slara if\u015fa edebilir; AC, bilgileri g\u00f6ndermenizle ba\u011flant\u0131l\u0131 olarak bilgilerinizin if\u015fa edilmesine muvafakatinizi verdi\u011finiz taktirde size ait kimli\u011finizi ortaya koyan bilgileri if\u015fa edebilir; ve AC, Site\u2019de post etti\u011finiz veya ba\u015fka bir \u015fekilde AC\u2019e sa\u011flad\u0131\u011f\u0131n\u0131z bilgilerden kaynaklanan telif hakk\u0131 veya ba\u015fka fikri m\u00fclkiyet hakk\u0131 ihlali iddialar\u0131 ile ba\u011flant\u0131l\u0131 olarak iyi niyetli hak sahiplerince y\u00f6neltilen sorulara cevaben ileti\u015fim bilgilerinizi if\u015fa edebilir. \t\t\t\t\t\t\t\t<\/div>\n\t\t\t\t<div class=\"elementor-element elementor-element-185a4c2 elementor-widget elementor-widget-heading\" data-id=\"185a4c2\" data-element_type=\"widget\" data-e-type=\"widget\" data-widget_type=\"heading.default\">\n\t\t\t\t\t<h2 class=\"elementor-heading-title elementor-size-default\">\n\u00dc\u00e7\u00fcnc\u00fc \u015fah\u0131s sitelere ba\u011flant\u0131lar\n<\/h2>\t\t\t\t<\/div>\n\t\t\t\t<div class=\"elementor-element elementor-element-2f9a064 elementor-widget elementor-widget-text-editor\" data-id=\"2f9a064\" data-element_type=\"widget\" data-e-type=\"widget\" data-settings=\"{&quot;_animation&quot;:&quot;none&quot;}\" data-widget_type=\"text-editor.default\">\n\t\t\t\t\t\t\t\t\tKullan\u0131c\u0131lar\u0131m\u0131za sunulan bir hizmet olarak \u00fc\u00e7\u00fcnc\u00fc \u015fah\u0131s Web sitelerine ba\u011flant\u0131lar sa\u011flayabiliriz. Ayr\u0131ca, bu Site\u2019de g\u00f6r\u00fcnen i\u00e7eriklerden baz\u0131lar\u0131 asl\u0131nda \u00fc\u00e7\u00fcnc\u00fc \u015fah\u0131slarca sa\u011flanm\u0131\u015f olabilir. Mesela, \u00fc\u00e7\u00fcnc\u00fc \u015fah\u0131s sitelerinin \u00e7er\u00e7eve koyma uygulamalar\u0131 veya i\u00e7erik \u00e7er\u00e7eveleri vas\u0131tas\u0131yla \u00fc\u00e7\u00fcnc\u00fc \u015fah\u0131s sunucularca temin edilmi\u015f i\u00e7eriklerin eklenmesi gibi durumlar bu gibi hallere \u00f6rnektir. \u015eu husus bilinmelidir ki b\u00f6yle \u00fc\u00e7\u00fcnc\u00fc \u015fah\u0131s Web sitelerinin bilgi toplama uygulamalar\u0131n\u0131 kontrol etmemize imkan yoktur; \u00fc\u00e7\u00fcnc\u00fc \u015fah\u0131s Web sitelerinin bilgi toplama uygulamalar\u0131 bu Site\u2019ninkilerden farkl\u0131 olabilir ve biz bunlardan sorumlu de\u011filiz. Bu Web sitelerine bilgi vermeden \u00f6nce bu Web sitelerinin gizlilik politikalar\u0131n\u0131 inceleyip anlaman\u0131z\u0131 tavsiye ederiz.   \n\n\t\t\t\t\t\t\t\t<\/div>\n\t\t\t\t<div class=\"elementor-element elementor-element-6ce13ab elementor-widget elementor-widget-heading\" data-id=\"6ce13ab\" data-element_type=\"widget\" data-e-type=\"widget\" data-widget_type=\"heading.default\">\n\t\t\t\t\t<h2 class=\"elementor-heading-title elementor-size-default\">Bilgilere nas\u0131l eri\u015febilirim, bilgileri nas\u0131l de\u011fi\u015ftirebilirim ve\/veya silebilirim?<\/h2>\t\t\t\t<\/div>\n\t\t\t\t<div class=\"elementor-element elementor-element-da6942b elementor-widget elementor-widget-text-editor\" data-id=\"da6942b\" data-element_type=\"widget\" data-e-type=\"widget\" data-settings=\"{&quot;_animation&quot;:&quot;none&quot;}\" data-widget_type=\"text-editor.default\">\n\t\t\t\t\t\t\t\t\tSite\u2019ye g\u00f6nderdi\u011finiz kimli\u011finizi ortaya koyan nitelikte bilgilere eri\u015febilir, onlar\u0131 d\u00fczeltebilir, g\u00fcncelle\u015ftirebilir ve\/veya silebilirsiniz. Ayr\u0131ca Site\u2019deki elektronik posta g\u00f6nderi listelerinden veya kaydoldu\u011funuz yerlerden \u00e7\u0131kabilirsiniz. Bunu yapmak i\u00e7in, l\u00fctfen Site\u2019de bu t\u00fcr bilgileri vermi\u015f oldu\u011funuz veya elektronik posta g\u00f6nderi listesine girmi\u015f oldu\u011funuz veya kaydoldu\u011funuz sayfadaki talimatlar\u0131 izleyiniz veya AC Aegean Dan\u0131\u015fmanl\u0131k A.\u015e., Esentepe Mah. Harman Sok. No:5 Kat:14 Daire:28 Harmanc\u0131 GIZ Plaza \u015ei\u015fli, \u0130stanbul \u2013 T\u00fcrkiye.    \t\t\t\t\t\t\t\t<\/div>\n\t\t\t\t<div class=\"elementor-element elementor-element-1bd7579 elementor-widget elementor-widget-heading\" data-id=\"1bd7579\" data-element_type=\"widget\" data-e-type=\"widget\" data-widget_type=\"heading.default\">\n\t\t\t\t\t<h2 class=\"elementor-heading-title elementor-size-default\">G\u00fcvenlik<\/h2>\t\t\t\t<\/div>\n\t\t\t\t<div class=\"elementor-element elementor-element-77988c2 elementor-widget elementor-widget-text-editor\" data-id=\"77988c2\" data-element_type=\"widget\" data-e-type=\"widget\" data-settings=\"{&quot;_animation&quot;:&quot;none&quot;}\" data-widget_type=\"text-editor.default\">\n\t\t\t\t\t\t\t\t\tAC, ilgilinin kimli\u011fini ortaya koyan nitelikte bilgileri kaybolmaya, k\u00f6t\u00fcye kullan\u0131ma, tahrife veya imhaya kar\u015f\u0131 korumak \u00fczere genel olarak kabul edilmi\u015f standartlarda bir teknolojiyi ve i\u015fletim g\u00fcvenli\u011fini uygulamaktad\u0131r. \u0130lgilinin kimli\u011fini ortaya koyan bilgilere sadece yetkili AC personeli eri\u015fme hakk\u0131na sahiptir ve bu personel de bu bilgilere gizli bilgi muamelesi yapmakla y\u00fck\u00fcml\u00fcd\u00fcr. B\u00fct\u00fcn \u00f6nlemlere ra\u011fmen, AC, size ait kimli\u011finizi ortaya koyan nitelikte bilgilere yetkisiz ki\u015filerin eri\u015femeyece\u011fine dair herhangi bir garanti verememektedir.  \n\n\t\t\t\t\t\t\t\t<\/div>\n\t\t\t\t<div class=\"elementor-element elementor-element-cbb0541 elementor-widget elementor-widget-heading\" data-id=\"cbb0541\" data-element_type=\"widget\" data-e-type=\"widget\" data-widget_type=\"heading.default\">\n\t\t\t\t\t<h2 class=\"elementor-heading-title elementor-size-default\">\u00dclke s\u0131n\u0131rlar\u0131 \u00f6tesinde bar\u0131nd\u0131rma ve bilgi aktar\u0131m\u0131<\/h2>\t\t\t\t<\/div>\n\t\t\t\t<div class=\"elementor-element elementor-element-b1cb871 elementor-widget elementor-widget-text-editor\" data-id=\"b1cb871\" data-element_type=\"widget\" data-e-type=\"widget\" data-settings=\"{&quot;_animation&quot;:&quot;none&quot;}\" data-widget_type=\"text-editor.default\">\n\t\t\t\t\t\t\t\t\tSite\u2019den toplanan ilgilinin kimli\u011fini ortaya koyan nitelikte bilgiler zaman zaman b\u00fct\u00fcn d\u00fcnyadaki AC ofislerine veya personeline veya \u00fc\u00e7\u00fcnc\u00fc \u015fah\u0131slara (buna Avrupa Ekonomik Alan\u0131 (AEA) d\u0131\u015f\u0131ndaki ofisler de dahildir) aktar\u0131labilir ve Site, bu t\u00fcr verilerin kullan\u0131m\u0131n\u0131 ve aktar\u0131lmas\u0131n\u0131 d\u00fczenleyen genel uygulan\u0131rl\u0131\u011fa sahip kanunlar\u0131 olmayan \u00fclkeler de dahil olmak \u00fczere (Amerika Birle\u015fik Devletleri gibi) d\u00fcnyada herhangi bir yerde izlenebilir veya bar\u0131nd\u0131r\u0131labilir. Bu Site\u2019yi kullanmakla ve bu t\u00fcr bilgileri Site \u00fczerinden g\u00f6ndermekle, bu t\u00fcr bilgilerin bu \u015fekilde \u00fclke s\u0131n\u0131rlar\u0131 \u00f6tesine aktar\u0131lmas\u0131na ve \u00fclke s\u0131n\u0131rlar\u0131 \u00f6tesinde bar\u0131nd\u0131r\u0131lmas\u0131na kendi iste\u011finizle muvafakat vermi\u015f oluyorsunuz. \t\t\t\t\t\t\t\t<\/div>\n\t\t\t\t<div class=\"elementor-element elementor-element-b5b5299 elementor-widget elementor-widget-heading\" data-id=\"b5b5299\" data-element_type=\"widget\" data-e-type=\"widget\" data-widget_type=\"heading.default\">\n\t\t\t\t\t<h2 class=\"elementor-heading-title elementor-size-default\">\u00c7ocuklar\u0131n Internet\u2019te gizlili\u011finin korumas\u0131<\/h2>\t\t\t\t<\/div>\n\t\t\t\t<div class=\"elementor-element elementor-element-8636a2f elementor-widget elementor-widget-text-editor\" data-id=\"8636a2f\" data-element_type=\"widget\" data-e-type=\"widget\" data-settings=\"{&quot;_animation&quot;:&quot;none&quot;}\" data-widget_type=\"text-editor.default\">\n\t\t\t\t\t\t\t\t\tAC, \u00f6zellikle Internet ortam\u0131nda, \u00e7ocuklar\u0131n gizlili\u011finin korunmas\u0131n\u0131n \u00f6neminin bilincindedir. Site 13 ya\u015f ve alt\u0131nda \u00e7ocuklar i\u00e7in olmas\u0131 ve onlara hitap etmesi niyetiyle d\u00fczenlenmemi\u015ftir ve AC 13 ya\u015f\u0131ndan k\u00fc\u00e7\u00fck hi\u00e7bir kimseden bilin\u00e7li olarak bilgi toplamayacak, bu \u015fekilde bilgileri muhafaza etmeyecektir. \t\t\t\t\t\t\t\t<\/div>\n\t\t\t\t<div class=\"elementor-element elementor-element-98a10ae elementor-widget elementor-widget-heading\" data-id=\"98a10ae\" data-element_type=\"widget\" data-e-type=\"widget\" data-widget_type=\"heading.default\">\n\t\t\t\t\t<h2 class=\"elementor-heading-title elementor-size-default\">Muvafakat; Gizlilik Politikas\u0131nda De\u011fi\u015fiklik Yap\u0131lmas\u0131<\/h2>\t\t\t\t<\/div>\n\t\t\t\t<div class=\"elementor-element elementor-element-b859535 elementor-widget elementor-widget-text-editor\" data-id=\"b859535\" data-element_type=\"widget\" data-e-type=\"widget\" data-settings=\"{&quot;_animation&quot;:&quot;none&quot;}\" data-widget_type=\"text-editor.default\">\n\t\t\t\t\t\t\t\t\tSite\u2019yi kullanmakla, i\u015fbu Gizlilik Politikas\u0131\u2019nda ve Site\u2019deki ba\u015fka yerlerde a\u00e7\u0131klanan ko\u015fullarda taraf\u0131m\u0131zdan size ait bilgilerin toplanmas\u0131, kullan\u0131lmas\u0131 ve saklanmas\u0131na muvafakatinizi vermi\u015f oluyorsunuz. Zaman zaman i\u015fbu Gizlilik Politikas\u0131\u2019nda de\u011fi\u015fiklik yapma hakk\u0131m\u0131z sakl\u0131d\u0131r. Bu tip de\u011fi\u015fikliklerden, i\u015fbu Gizlilik Politikas\u0131\u2019n\u0131 g\u00fcncelle\u015ftirmek suretiyle sizi haberdar edece\u011fiz. \u0130\u015fbu Gizlilik Politikas\u0131, en son 1 Eyl\u00fcl 2025 tarihinde g\u00fcncelle\u015ftirilmi\u015ftir.   \t\t\t\t\t\t\t\t<\/div>\n\t\t\t\t<div class=\"elementor-element elementor-element-d729e0d elementor-widget elementor-widget-heading\" data-id=\"d729e0d\" data-element_type=\"widget\" data-e-type=\"widget\" data-widget_type=\"heading.default\">\n\t\t\t\t\t<h2 class=\"elementor-heading-title elementor-size-default\">Gizlilik Departman\u0131m\u0131za Ula\u015f\u0131n<\/h2>\t\t\t\t<\/div>\n\t\t\t\t<div class=\"elementor-element elementor-element-aef4e13 elementor-widget elementor-widget-text-editor\" data-id=\"aef4e13\" data-element_type=\"widget\" data-e-type=\"widget\" data-settings=\"{&quot;_animation&quot;:&quot;none&quot;}\" data-widget_type=\"text-editor.default\">\n\t\t\t\t\t\t\t\t\tGizlilik Politikam\u0131z hakk\u0131nda herhangi bir sorunuz olursa, l\u00fctfen a\u015fa\u011f\u0131daki adresi kullanarak bize ula\u015f\u0131n: Aegean Dan\u0131\u015fmanl\u0131k Hizmetleri A.\u015e., Esentepe Mah. Harman Sok. No:5 Kat:14 Daire:28 Harmanc\u0131 GIZ Plaza \u015ei\u015fli, \u0130stanbul \u2013 T\u00fcrkiye.  \n\n\t\t\t\t\t\t\t\t<\/div>\n\t\t\t\t<\/div>\n\t\t\t\t\t<\/div>\n\t\t\t\t<\/div>\n\t\t\t\t<\/div>\n\t\t","protected":false},"excerpt":{"rendered":"<p>Gizlilik Politikas\u0131 \u0130lgilinin kimli\u011fini ortaya koyan nitelikte ne t\u00fcr bilgiler toplanmaktad\u0131r? AC Aegean Dan\u0131\u015fmanl\u0131k Anonim \u015eirketi ve onun ba\u011fl\u0131 kurulu\u015flar\u0131 (\u201cAegean Capital\u201d veya \u201cAC\u201d veya birinci \u00e7o\u011ful \u015fah\u0131s), siz bu Web sitesini (\u201cSite\u201d) kullan\u0131rken sizden toplad\u0131\u011f\u0131m\u0131z kimli\u011finizi ortaya koyan nitelikte bilgilerin gizlili\u011fini korumay\u0131 ilke edinmi\u015ftir. AC\u2019nin bu konudaki taahh\u00fctlerinin kapsam\u0131 i\u015fbu Gizlilik Politikas\u0131\u2019nda belirlenmektedir. Bilgi&hellip; <a class=\"more-link\" href=\"https:\/\/aegeancapital.com\/tr\/gizlilik-politikasi\/\">Okumaya devam et <span class=\"screen-reader-text\">Gizlilik Politikas\u0131<\/span><\/a><\/p>\n","protected":false},"author":1,"featured_media":0,"parent":0,"menu_order":0,"comment_status":"closed","ping_status":"open","template":"elementor_header_footer","meta":{"footnotes":""},"class_list":["post-788","page","type-page","status-publish","hentry","entry"],"_links":{"self":[{"href":"https:\/\/aegeancapital.com\/tr\/wp-json\/wp\/v2\/pages\/788","targetHints":{"allow":["GET"]}}],"collection":[{"href":"https:\/\/aegeancapital.com\/tr\/wp-json\/wp\/v2\/pages"}],"about":[{"href":"https:\/\/aegeancapital.com\/tr\/wp-json\/wp\/v2\/types\/page"}],"author":[{"embeddable":true,"href":"https:\/\/aegeancapital.com\/tr\/wp-json\/wp\/v2\/users\/1"}],"replies":[{"embeddable":true,"href":"https:\/\/aegeancapital.com\/tr\/wp-json\/wp\/v2\/comments?post=788"}],"version-history":[{"count":7,"href":"https:\/\/aegeancapital.com\/tr\/wp-json\/wp\/v2\/pages\/788\/revisions"}],"predecessor-version":[{"id":821,"href":"https:\/\/aegeancapital.com\/tr\/wp-json\/wp\/v2\/pages\/788\/revisions\/821"}],"wp:attachment":[{"href":"https:\/\/aegeancapital.com\/tr\/wp-json\/wp\/v2\/media?parent=788"}],"curies":[{"name":"wp","href":"https:\/\/api.w.org\/{rel}","templated":true}]}}