{"id":778,"date":"2025-08-28T12:25:26","date_gmt":"2025-08-28T12:25:26","guid":{"rendered":"https:\/\/aegeancapital.com\/kuresel-erisim\/"},"modified":"2025-09-29T13:13:10","modified_gmt":"2025-09-29T13:13:10","slug":"kuresel-ag","status":"publish","type":"page","link":"https:\/\/aegeancapital.com\/tr\/kuresel-ag\/","title":{"rendered":"K\u00fcresel A\u011f"},"content":{"rendered":"\t\t<div data-elementor-type=\"wp-page\" data-elementor-id=\"778\" class=\"elementor elementor-778 elementor-14\" data-elementor-post-type=\"page\">\n\t\t\t\t<div class=\"elementor-element elementor-element-33abc8f e-flex e-con-boxed e-con e-parent\" data-id=\"33abc8f\" data-element_type=\"container\" data-e-type=\"container\" data-settings=\"{&quot;background_background&quot;:&quot;video&quot;,&quot;background_video_link&quot;:&quot;https:\\\/\\\/aegeancapital.com\\\/wp-content\\\/uploads\\\/2025\\\/09\\\/AC_globalreach_banner.mp4&quot;,&quot;background_play_on_mobile&quot;:&quot;yes&quot;}\">\n\t\t\t\t\t<div class=\"e-con-inner\">\n\t\t<div class=\"elementor-background-video-container\">\n\t\t\t\t\t\t\t<video class=\"elementor-background-video-hosted\" role=\"presentation\" autoplay muted playsinline loop><\/video>\n\t\t\t\t\t<\/div><div class=\"elementor-element elementor-element-0e88337 e-con-full e-flex e-con e-child\" data-id=\"0e88337\" data-element_type=\"container\" data-e-type=\"container\">\n\t\t\t\t<div class=\"elementor-element elementor-element-52d4c6d elementor-widget elementor-widget-heading\" data-id=\"52d4c6d\" data-element_type=\"widget\" data-e-type=\"widget\" data-widget_type=\"heading.default\">\n\t\t\t\t\t<h2 class=\"elementor-heading-title elementor-size-default\">K\u00fcresel A\u011f<\/h2>\t\t\t\t<\/div>\n\t\t<div class=\"elementor-element elementor-element-865e55b e-con-full e-flex e-con e-child\" data-id=\"865e55b\" data-element_type=\"container\" data-e-type=\"container\">\n\t\t\t\t<div class=\"elementor-element elementor-element-1ac69d9 elementor-widget__width-initial elementor-widget-divider--view-line elementor-widget elementor-widget-divider\" data-id=\"1ac69d9\" data-element_type=\"widget\" data-e-type=\"widget\" data-widget_type=\"divider.default\">\n\t\t\t\t\t\t\t<div class=\"elementor-divider\">\n\t\t\t<span class=\"elementor-divider-separator\">\n\t\t\t\t\t\t<\/span>\n\t\t<\/div>\n\t\t\t\t\t\t<\/div>\n\t\t\t\t<div class=\"elementor-element elementor-element-65c067f elementor-widget__width-initial elementor-widget-divider--view-line elementor-widget elementor-widget-divider\" data-id=\"65c067f\" data-element_type=\"widget\" data-e-type=\"widget\" data-widget_type=\"divider.default\">\n\t\t\t\t\t\t\t<div class=\"elementor-divider\">\n\t\t\t<span class=\"elementor-divider-separator\">\n\t\t\t\t\t\t<\/span>\n\t\t<\/div>\n\t\t\t\t\t\t<\/div>\n\t\t\t\t<\/div>\n\t\t\t\t<\/div>\n\t\t\t\t\t<\/div>\n\t\t\t\t<\/div>\n\t\t<div class=\"elementor-element elementor-element-a516d70 e-flex e-con-boxed e-con e-parent\" data-id=\"a516d70\" data-element_type=\"container\" data-e-type=\"container\">\n\t\t\t\t\t<div class=\"e-con-inner\">\n\t\t<div class=\"elementor-element elementor-element-1365cb9 e-con-full e-flex e-con e-child\" data-id=\"1365cb9\" data-element_type=\"container\" data-e-type=\"container\" data-settings=\"{&quot;background_background&quot;:&quot;classic&quot;}\">\n\t\t\t\t<div class=\"elementor-element elementor-element-cf8b82a elementor-widget elementor-widget-spacer\" data-id=\"cf8b82a\" data-element_type=\"widget\" data-e-type=\"widget\" data-widget_type=\"spacer.default\">\n\t\t\t\t\t\t\t<div class=\"elementor-spacer\">\n\t\t\t<div class=\"elementor-spacer-inner\"><\/div>\n\t\t<\/div>\n\t\t\t\t\t\t<\/div>\n\t\t\t\t<\/div>\n\t\t<div class=\"elementor-element elementor-element-cf50ecf e-con-full e-flex e-con e-child\" data-id=\"cf50ecf\" data-element_type=\"container\" data-e-type=\"container\">\n\t\t<div class=\"elementor-element elementor-element-798a281 e-con-full e-flex e-con e-child\" data-id=\"798a281\" data-element_type=\"container\" data-e-type=\"container\">\n\t\t\t\t<div class=\"elementor-element elementor-element-9b1a008 elementor-invisible elementor-widget elementor-widget-heading\" data-id=\"9b1a008\" data-element_type=\"widget\" data-e-type=\"widget\" data-settings=\"{&quot;_animation&quot;:&quot;fadeInUp&quot;}\" data-widget_type=\"heading.default\">\n\t\t\t\t\t<h2 class=\"elementor-heading-title elementor-size-default\">K\u00fcresel \u0130\u015fbirli\u011fi ile S\u0131n\u0131r \u00d6tesi \u00c7\u00f6z\u00fcmler<\/h2>\t\t\t\t<\/div>\n\t\t<div class=\"elementor-element elementor-element-b572dca e-con-full e-flex elementor-invisible e-con e-child\" data-id=\"b572dca\" data-element_type=\"container\" data-e-type=\"container\" data-settings=\"{&quot;animation&quot;:&quot;fadeInUp&quot;}\">\n\t\t\t\t<div class=\"elementor-element elementor-element-380d3a2 elementor-widget__width-initial elementor-widget-divider--view-line elementor-widget elementor-widget-divider\" data-id=\"380d3a2\" data-element_type=\"widget\" data-e-type=\"widget\" data-widget_type=\"divider.default\">\n\t\t\t\t\t\t\t<div class=\"elementor-divider\">\n\t\t\t<span class=\"elementor-divider-separator\">\n\t\t\t\t\t\t<\/span>\n\t\t<\/div>\n\t\t\t\t\t\t<\/div>\n\t\t\t\t<div class=\"elementor-element elementor-element-48c0bf8 elementor-widget__width-initial elementor-widget-divider--view-line elementor-widget elementor-widget-divider\" data-id=\"48c0bf8\" data-element_type=\"widget\" data-e-type=\"widget\" data-widget_type=\"divider.default\">\n\t\t\t\t\t\t\t<div class=\"elementor-divider\">\n\t\t\t<span class=\"elementor-divider-separator\">\n\t\t\t\t\t\t<\/span>\n\t\t<\/div>\n\t\t\t\t\t\t<\/div>\n\t\t\t\t<\/div>\n\t\t\t\t<\/div>\n\t\t\t\t<div class=\"elementor-element elementor-element-aaaca46 elementor-invisible elementor-widget elementor-widget-text-editor\" data-id=\"aaaca46\" data-element_type=\"widget\" data-e-type=\"widget\" data-settings=\"{&quot;_animation&quot;:&quot;fadeIn&quot;}\" data-widget_type=\"text-editor.default\">\n\t\t\t\t\t\t\t\t\t<div><div><div dir=\"auto\"><div><a href=\"http:\/\/www.aicanetwork.com\" target=\"_blank\" rel=\"noopener\"><strong>Uluslararas\u0131 Kurumsal Dan\u0131\u015fmanlar Birli\u011fi&#8217;nin (AICA)<\/strong><\/a> gururlu bir \u00fcyesi olarak, m\u00fc\u015fterilerimizi ger\u00e7ek anlamda k\u00fcresel bir \u00f6nde gelen birle\u015fme ve sat\u0131n alma dan\u0131\u015fmanlar\u0131 a\u011f\u0131na ba\u011fl\u0131yoruz. <\/div><\/div><\/div><\/div>\t\t\t\t\t\t\t\t<\/div>\n\t\t\t\t<div class=\"elementor-element elementor-element-e93baae elementor-invisible elementor-widget elementor-widget-text-editor\" data-id=\"e93baae\" data-element_type=\"widget\" data-e-type=\"widget\" data-settings=\"{&quot;_animation&quot;:&quot;fadeIn&quot;}\" data-widget_type=\"text-editor.default\">\n\t\t\t\t\t\t\t\t\t<div><div><div dir=\"auto\"><div>\u00dcyeli\u011fimiz, 40&#8217;tan fazla \u00fclkede ve 60&#8217;tan fazla ofiste, bir\u00e7ok pazarda derin yerel bilgiye sahip g\u00fcvenilir ortaklara do\u011frudan eri\u015fim imkan\u0131 sa\u011flayarak, her s\u0131n\u0131r \u00f6tesi i\u015flemin hem uluslararas\u0131 eri\u015fim hem de yerel uzmanl\u0131ktan yararlanmas\u0131n\u0131 garanti eder. <\/div><\/div><\/div><\/div>\t\t\t\t\t\t\t\t<\/div>\n\t\t\t\t<div class=\"elementor-element elementor-element-e84ac27 elementor-invisible elementor-widget elementor-widget-text-editor\" data-id=\"e84ac27\" data-element_type=\"widget\" data-e-type=\"widget\" data-settings=\"{&quot;_animation&quot;:&quot;fadeIn&quot;}\" data-widget_type=\"text-editor.default\">\n\t\t\t\t\t\t\t\t\t<p>\u0130stanbul, Londra ve Dubai&#8217;deki ofislerimiz ve d\u00fcnya \u00e7ap\u0131nda g\u00fcvenilir yerel dan\u0131\u015fmanlar ve sekt\u00f6r uzmanlar\u0131ndan olu\u015fan a\u011f\u0131m\u0131zla, m\u00fc\u015fterilerimize k\u00fcresel pazarlara kesintisiz eri\u015fim imkan\u0131 sunuyoruz.<\/p>\t\t\t\t\t\t\t\t<\/div>\n\t\t\t\t<div class=\"elementor-element elementor-element-9354d00 elementor-invisible elementor-widget elementor-widget-text-editor\" data-id=\"9354d00\" data-element_type=\"widget\" data-e-type=\"widget\" data-settings=\"{&quot;_animation&quot;:&quot;fadeIn&quot;}\" data-widget_type=\"text-editor.default\">\n\t\t\t\t\t\t\t\t\tUluslararas\u0131 al\u0131c\u0131lar\u0131 belirlemek, s\u0131n\u0131r \u00f6tesi yat\u0131r\u0131m f\u0131rsatlar\u0131 bulmak veya karma\u015f\u0131k d\u00fczenleyici ortamlarda yol almak olsun, ekibimiz her i\u015flemi yerel uzmanl\u0131k ve k\u00fcresel bir bak\u0131\u015f a\u00e7\u0131s\u0131yla ele al\u0131r.\t\t\t\t\t\t\t\t<\/div>\n\t\t\t\t<div class=\"elementor-element elementor-element-e38afc0 elementor-invisible elementor-widget elementor-widget-button\" data-id=\"e38afc0\" data-element_type=\"widget\" data-e-type=\"widget\" data-settings=\"{&quot;_animation&quot;:&quot;fadeInUp&quot;}\" data-widget_type=\"button.default\">\n\t\t\t\t\t\t\t\t\t\t<a class=\"elementor-button elementor-button-link elementor-size-sm\" href=\"https:\/\/aegeancapital.com\/tr\/iletisim\/\">\n\t\t\t\t\t\t<span class=\"elementor-button-content-wrapper\">\n\t\t\t\t\t\t\t\t\t<span class=\"elementor-button-text\">\u0130leti\u015fime ge\u00e7in<\/span>\n\t\t\t\t\t<\/span>\n\t\t\t\t\t<\/a>\n\t\t\t\t\t\t\t\t<\/div>\n\t\t\t\t<\/div>\n\t\t\t\t\t<\/div>\n\t\t\t\t<\/div>\n\t\t<div class=\"elementor-element elementor-element-d3a61bb e-flex e-con-boxed e-con e-parent\" data-id=\"d3a61bb\" data-element_type=\"container\" data-e-type=\"container\" data-settings=\"{&quot;background_background&quot;:&quot;classic&quot;}\">\n\t\t\t\t\t<div class=\"e-con-inner\">\n\t\t<div class=\"elementor-element elementor-element-2b6954d e-con-full e-flex e-con e-child\" data-id=\"2b6954d\" data-element_type=\"container\" data-e-type=\"container\" data-settings=\"{&quot;background_background&quot;:&quot;classic&quot;}\">\n\t\t<div class=\"elementor-element elementor-element-2d4f6a2 e-con-full e-flex e-con e-child\" data-id=\"2d4f6a2\" data-element_type=\"container\" data-e-type=\"container\">\n\t\t<div class=\"elementor-element elementor-element-f19813c e-grid e-con-full e-con e-child\" data-id=\"f19813c\" data-element_type=\"container\" data-e-type=\"container\">\n\t\t<div class=\"elementor-element elementor-element-cf1f23d e-con-full e-flex e-con e-child\" data-id=\"cf1f23d\" data-element_type=\"container\" data-e-type=\"container\">\n\t\t\t\t<div class=\"elementor-element elementor-element-f9933e7 elementor-widget elementor-widget-counter\" data-id=\"f9933e7\" data-element_type=\"widget\" data-e-type=\"widget\" data-widget_type=\"counter.default\">\n\t\t\t\t\t\t\t<div class=\"elementor-counter\">\n\t\t\t<div class=\"elementor-counter-title\">\u00dcLKELER<\/div>\t\t\t<div class=\"elementor-counter-number-wrapper\">\n\t\t\t\t<span class=\"elementor-counter-number-prefix\"><\/span>\n\t\t\t\t<span class=\"elementor-counter-number\" data-duration=\"2000\" data-to-value=\"40\" data-from-value=\"0\" data-delimiter=\",\">0<\/span>\n\t\t\t\t<span class=\"elementor-counter-number-suffix\">+<\/span>\n\t\t\t<\/div>\n\t\t<\/div>\n\t\t\t\t\t\t<\/div>\n\t\t\t\t<\/div>\n\t\t<div class=\"elementor-element elementor-element-356f9b2 e-con-full e-flex e-con e-child\" data-id=\"356f9b2\" data-element_type=\"container\" data-e-type=\"container\">\n\t\t\t\t<div class=\"elementor-element elementor-element-7331223 elementor-widget elementor-widget-counter\" data-id=\"7331223\" data-element_type=\"widget\" data-e-type=\"widget\" data-widget_type=\"counter.default\">\n\t\t\t\t\t\t\t<div class=\"elementor-counter\">\n\t\t\t<div class=\"elementor-counter-title\">PROFESYONELLER <\/div>\t\t\t<div class=\"elementor-counter-number-wrapper\">\n\t\t\t\t<span class=\"elementor-counter-number-prefix\"><\/span>\n\t\t\t\t<span class=\"elementor-counter-number\" data-duration=\"2000\" data-to-value=\"365\" data-from-value=\"0\" data-delimiter=\",\">0<\/span>\n\t\t\t\t<span class=\"elementor-counter-number-suffix\">+<\/span>\n\t\t\t<\/div>\n\t\t<\/div>\n\t\t\t\t\t\t<\/div>\n\t\t\t\t<\/div>\n\t\t<div class=\"elementor-element elementor-element-ae3eb7e e-con-full e-flex e-con e-child\" data-id=\"ae3eb7e\" data-element_type=\"container\" data-e-type=\"container\">\n\t\t\t\t<div class=\"elementor-element elementor-element-41e0744 elementor-widget elementor-widget-counter\" data-id=\"41e0744\" data-element_type=\"widget\" data-e-type=\"widget\" data-widget_type=\"counter.default\">\n\t\t\t\t\t\t\t<div class=\"elementor-counter\">\n\t\t\t<div class=\"elementor-counter-title\">YILDA TAMAMLANAN \u0130\u015eLEM SAYISI<\/div>\t\t\t<div class=\"elementor-counter-number-wrapper\">\n\t\t\t\t<span class=\"elementor-counter-number-prefix\"><\/span>\n\t\t\t\t<span class=\"elementor-counter-number\" data-duration=\"2000\" data-to-value=\"250\" data-from-value=\"0\" data-delimiter=\",\">0<\/span>\n\t\t\t\t<span class=\"elementor-counter-number-suffix\"><\/span>\n\t\t\t<\/div>\n\t\t<\/div>\n\t\t\t\t\t\t<\/div>\n\t\t\t\t<\/div>\n\t\t<div class=\"elementor-element elementor-element-9c0d846 e-con-full e-flex e-con e-child\" data-id=\"9c0d846\" data-element_type=\"container\" data-e-type=\"container\">\n\t\t\t\t<div class=\"elementor-element elementor-element-00790e6 elementor-widget elementor-widget-counter\" data-id=\"00790e6\" data-element_type=\"widget\" data-e-type=\"widget\" data-widget_type=\"counter.default\">\n\t\t\t\t\t\t\t<div class=\"elementor-counter\">\n\t\t\t<div class=\"elementor-counter-title\">OF\u0130SLER<\/div>\t\t\t<div class=\"elementor-counter-number-wrapper\">\n\t\t\t\t<span class=\"elementor-counter-number-prefix\"><\/span>\n\t\t\t\t<span class=\"elementor-counter-number\" data-duration=\"2000\" data-to-value=\"62\" data-from-value=\"0\" data-delimiter=\",\">0<\/span>\n\t\t\t\t<span class=\"elementor-counter-number-suffix\">+<\/span>\n\t\t\t<\/div>\n\t\t<\/div>\n\t\t\t\t\t\t<\/div>\n\t\t\t\t<\/div>\n\t\t\t\t<\/div>\n\t\t\t\t<\/div>\n\t\t\t\t<\/div>\n\t\t\t\t\t<\/div>\n\t\t\t\t<\/div>\n\t\t\t\t<\/div>\n\t\t","protected":false},"excerpt":{"rendered":"<p>K\u00fcresel A\u011f K\u00fcresel \u0130\u015fbirli\u011fi ile S\u0131n\u0131r \u00d6tesi \u00c7\u00f6z\u00fcmler Uluslararas\u0131 Kurumsal Dan\u0131\u015fmanlar Birli\u011fi&#8217;nin (AICA) gururlu bir \u00fcyesi olarak, m\u00fc\u015fterilerimizi ger\u00e7ek anlamda k\u00fcresel bir \u00f6nde gelen birle\u015fme ve sat\u0131n alma dan\u0131\u015fmanlar\u0131 a\u011f\u0131na ba\u011fl\u0131yoruz. \u00dcyeli\u011fimiz, 40&#8217;tan fazla \u00fclkede ve 60&#8217;tan fazla ofiste, bir\u00e7ok pazarda derin yerel bilgiye sahip g\u00fcvenilir ortaklara do\u011frudan eri\u015fim imkan\u0131 sa\u011flayarak, her s\u0131n\u0131r \u00f6tesi i\u015flemin&hellip; <a class=\"more-link\" href=\"https:\/\/aegeancapital.com\/tr\/kuresel-ag\/\">Okumaya devam et <span class=\"screen-reader-text\">K\u00fcresel A\u011f<\/span><\/a><\/p>\n","protected":false},"author":1,"featured_media":0,"parent":0,"menu_order":0,"comment_status":"closed","ping_status":"closed","template":"elementor_header_footer","meta":{"footnotes":""},"class_list":["post-778","page","type-page","status-publish","hentry","entry"],"_links":{"self":[{"href":"https:\/\/aegeancapital.com\/tr\/wp-json\/wp\/v2\/pages\/778","targetHints":{"allow":["GET"]}}],"collection":[{"href":"https:\/\/aegeancapital.com\/tr\/wp-json\/wp\/v2\/pages"}],"about":[{"href":"https:\/\/aegeancapital.com\/tr\/wp-json\/wp\/v2\/types\/page"}],"author":[{"embeddable":true,"href":"https:\/\/aegeancapital.com\/tr\/wp-json\/wp\/v2\/users\/1"}],"replies":[{"embeddable":true,"href":"https:\/\/aegeancapital.com\/tr\/wp-json\/wp\/v2\/comments?post=778"}],"version-history":[{"count":3,"href":"https:\/\/aegeancapital.com\/tr\/wp-json\/wp\/v2\/pages\/778\/revisions"}],"predecessor-version":[{"id":809,"href":"https:\/\/aegeancapital.com\/tr\/wp-json\/wp\/v2\/pages\/778\/revisions\/809"}],"wp:attachment":[{"href":"https:\/\/aegeancapital.com\/tr\/wp-json\/wp\/v2\/media?parent=778"}],"curies":[{"name":"wp","href":"https:\/\/api.w.org\/{rel}","templated":true}]}}