{"id":775,"date":"2025-08-28T12:25:26","date_gmt":"2025-08-28T12:25:26","guid":{"rendered":"https:\/\/aegeancapital.com\/hakkinda\/"},"modified":"2025-09-29T13:12:49","modified_gmt":"2025-09-29T13:12:49","slug":"hakkimizda","status":"publish","type":"page","link":"https:\/\/aegeancapital.com\/tr\/hakkimizda\/","title":{"rendered":"Hakk\u0131m\u0131zda"},"content":{"rendered":"\t\t<div data-elementor-type=\"wp-page\" data-elementor-id=\"775\" class=\"elementor elementor-775 elementor-8\" data-elementor-post-type=\"page\">\n\t\t\t\t<div class=\"elementor-element elementor-element-c07de08 e-flex e-con-boxed e-con e-parent\" data-id=\"c07de08\" data-element_type=\"container\" data-e-type=\"container\" data-settings=\"{&quot;background_background&quot;:&quot;video&quot;,&quot;background_video_link&quot;:&quot;https:\\\/\\\/aegeancapital.com\\\/wp-content\\\/uploads\\\/2025\\\/09\\\/AC_about_banner.mp4&quot;,&quot;background_play_on_mobile&quot;:&quot;yes&quot;}\">\n\t\t\t\t\t<div class=\"e-con-inner\">\n\t\t<div class=\"elementor-background-video-container\">\n\t\t\t\t\t\t\t<video class=\"elementor-background-video-hosted\" role=\"presentation\" autoplay muted playsinline loop><\/video>\n\t\t\t\t\t<\/div><div class=\"elementor-element elementor-element-7b21ccb e-con-full e-flex e-con e-child\" data-id=\"7b21ccb\" data-element_type=\"container\" data-e-type=\"container\">\n\t\t\t\t<div class=\"elementor-element elementor-element-ba93916 elementor-widget elementor-widget-heading\" data-id=\"ba93916\" data-element_type=\"widget\" data-e-type=\"widget\" data-widget_type=\"heading.default\">\n\t\t\t\t\t<h2 class=\"elementor-heading-title elementor-size-default\">Hakk\u0131m\u0131zda<\/h2>\t\t\t\t<\/div>\n\t\t<div class=\"elementor-element elementor-element-b42f653 e-con-full e-flex e-con e-child\" data-id=\"b42f653\" data-element_type=\"container\" data-e-type=\"container\">\n\t\t\t\t<div class=\"elementor-element elementor-element-f880518 elementor-widget__width-initial elementor-widget-divider--view-line elementor-widget elementor-widget-divider\" data-id=\"f880518\" data-element_type=\"widget\" data-e-type=\"widget\" data-widget_type=\"divider.default\">\n\t\t\t\t\t\t\t<div class=\"elementor-divider\">\n\t\t\t<span class=\"elementor-divider-separator\">\n\t\t\t\t\t\t<\/span>\n\t\t<\/div>\n\t\t\t\t\t\t<\/div>\n\t\t\t\t<div class=\"elementor-element elementor-element-50e7d03 elementor-widget__width-initial elementor-widget-divider--view-line elementor-widget elementor-widget-divider\" data-id=\"50e7d03\" data-element_type=\"widget\" data-e-type=\"widget\" data-widget_type=\"divider.default\">\n\t\t\t\t\t\t\t<div class=\"elementor-divider\">\n\t\t\t<span class=\"elementor-divider-separator\">\n\t\t\t\t\t\t<\/span>\n\t\t<\/div>\n\t\t\t\t\t\t<\/div>\n\t\t\t\t<\/div>\n\t\t\t\t<\/div>\n\t\t\t\t\t<\/div>\n\t\t\t\t<\/div>\n\t\t<div class=\"elementor-element elementor-element-f83646b e-flex e-con-boxed e-con e-parent\" data-id=\"f83646b\" data-element_type=\"container\" data-e-type=\"container\">\n\t\t\t\t\t<div class=\"e-con-inner\">\n\t\t<div class=\"elementor-element elementor-element-c950c46 e-con-full e-flex e-con e-child\" data-id=\"c950c46\" data-element_type=\"container\" data-e-type=\"container\">\n\t\t<div class=\"elementor-element elementor-element-c098d99 e-grid e-con-full e-con e-child\" data-id=\"c098d99\" data-element_type=\"container\" data-e-type=\"container\">\n\t\t<div class=\"elementor-element elementor-element-8ad7f90 e-con-full e-flex e-con e-child\" data-id=\"8ad7f90\" data-element_type=\"container\" data-e-type=\"container\">\n\t\t\t\t<div class=\"elementor-element elementor-element-a2ccd5d elementor-invisible elementor-widget elementor-widget-heading\" data-id=\"a2ccd5d\" data-element_type=\"widget\" data-e-type=\"widget\" data-settings=\"{&quot;_animation&quot;:&quot;fadeInDown&quot;}\" data-widget_type=\"heading.default\">\n\t\t\t\t\t<h2 class=\"elementor-heading-title elementor-size-default\">\nAEGEAN CAPITAL'E HO\u015e GELD\u0130N\u0130Z<\/h2>\t\t\t\t<\/div>\n\t\t\t\t<div class=\"elementor-element elementor-element-61cccda elementor-invisible elementor-widget elementor-widget-heading\" data-id=\"61cccda\" data-element_type=\"widget\" data-e-type=\"widget\" data-settings=\"{&quot;_animation&quot;:&quot;fadeInUp&quot;}\" data-widget_type=\"heading.default\">\n\t\t\t\t\t<h2 class=\"elementor-heading-title elementor-size-default\">Strateji, uzmanl\u0131k ve k\u00fcresel eri\u015fim ile de\u011fer a\u00e7\u0131\u011fa \u00e7\u0131karma<\/h2>\t\t\t\t<\/div>\n\t\t<div class=\"elementor-element elementor-element-8fe0a0b e-con-full e-flex elementor-invisible e-con e-child\" data-id=\"8fe0a0b\" data-element_type=\"container\" data-e-type=\"container\" data-settings=\"{&quot;animation&quot;:&quot;fadeInUp&quot;}\">\n\t\t\t\t<div class=\"elementor-element elementor-element-172cafa elementor-widget__width-initial elementor-widget-divider--view-line elementor-widget elementor-widget-divider\" data-id=\"172cafa\" data-element_type=\"widget\" data-e-type=\"widget\" data-widget_type=\"divider.default\">\n\t\t\t\t\t\t\t<div class=\"elementor-divider\">\n\t\t\t<span class=\"elementor-divider-separator\">\n\t\t\t\t\t\t<\/span>\n\t\t<\/div>\n\t\t\t\t\t\t<\/div>\n\t\t\t\t<div class=\"elementor-element elementor-element-13e16b1 elementor-widget__width-initial elementor-widget-divider--view-line elementor-widget elementor-widget-divider\" data-id=\"13e16b1\" data-element_type=\"widget\" data-e-type=\"widget\" data-widget_type=\"divider.default\">\n\t\t\t\t\t\t\t<div class=\"elementor-divider\">\n\t\t\t<span class=\"elementor-divider-separator\">\n\t\t\t\t\t\t<\/span>\n\t\t<\/div>\n\t\t\t\t\t\t<\/div>\n\t\t\t\t<\/div>\n\t\t\t\t<div class=\"elementor-element elementor-element-3b5cb9c elementor-invisible elementor-widget elementor-widget-text-editor\" data-id=\"3b5cb9c\" data-element_type=\"widget\" data-e-type=\"widget\" data-settings=\"{&quot;_animation&quot;:&quot;fadeIn&quot;}\" data-widget_type=\"text-editor.default\">\n\t\t\t\t\t\t\t\t\tM\u00fc\u015fterilerimize karma\u015f\u0131k i\u015flemler ve halka arzlar konusunda rehberlik eden, stratejik f\u0131rsatlar\u0131 belirleyen ve netlik ile g\u00fcven sa\u011flama vizyonuyla s\u00fcrd\u00fcr\u00fclebilir finansal sonu\u00e7lar sunan g\u00fcvenilir bir kurumsal finans dan\u0131\u015fmanl\u0131k firmas\u0131y\u0131z. \t\t\t\t\t\t\t\t<\/div>\n\t\t\t\t<div class=\"elementor-element elementor-element-4af8af2 elementor-widget elementor-widget-text-editor\" data-id=\"4af8af2\" data-element_type=\"widget\" data-e-type=\"widget\" data-widget_type=\"text-editor.default\">\n\t\t\t\t\t\t\t\t\t<p>Her projenin deneyimli ortaklar taraf\u0131ndan y\u00f6netildi\u011fi, \u00fcst d\u00fczey kat\u0131l\u0131ma dayal\u0131 hizmetimizle gurur duyuyoruz. Disiplinli finansal analizi deneyimimiz ve kurulu uluslararas\u0131 a\u011f\u0131m\u0131zla birle\u015ftirerek, i\u015flemin her kritik a\u015famas\u0131nda de\u011fer a\u00e7\u0131\u011fa \u00e7\u0131kar\u0131yoruz.<\/p>\t\t\t\t\t\t\t\t<\/div>\n\t\t\t\t<div class=\"elementor-element elementor-element-3dcc3ef elementor-invisible elementor-widget elementor-widget-button\" data-id=\"3dcc3ef\" data-element_type=\"widget\" data-e-type=\"widget\" data-settings=\"{&quot;_animation&quot;:&quot;fadeInUp&quot;}\" data-widget_type=\"button.default\">\n\t\t\t\t\t\t\t\t\t\t<a class=\"elementor-button elementor-button-link elementor-size-sm\" href=\"https:\/\/aegeancapital.com\/tr\/iletisim\/\">\n\t\t\t\t\t\t<span class=\"elementor-button-content-wrapper\">\n\t\t\t\t\t\t\t\t\t<span class=\"elementor-button-text\">\u0130leti\u015fime ge\u00e7in<\/span>\n\t\t\t\t\t<\/span>\n\t\t\t\t\t<\/a>\n\t\t\t\t\t\t\t\t<\/div>\n\t\t\t\t<\/div>\n\t\t\t\t<div class=\"elementor-element elementor-element-4ea8e52 elementor-widget elementor-widget-spacer\" data-id=\"4ea8e52\" data-element_type=\"widget\" data-e-type=\"widget\" data-widget_type=\"spacer.default\">\n\t\t\t\t\t\t\t<div class=\"elementor-spacer\">\n\t\t\t<div class=\"elementor-spacer-inner\"><\/div>\n\t\t<\/div>\n\t\t\t\t\t\t<\/div>\n\t\t\t\t<\/div>\n\t\t\t\t<\/div>\n\t\t\t\t\t<\/div>\n\t\t\t\t<\/div>\n\t\t\t\t<\/div>\n\t\t","protected":false},"excerpt":{"rendered":"<p>Hakk\u0131m\u0131zda AEGEAN CAPITAL&#8217;E HO\u015e GELD\u0130N\u0130Z Strateji, uzmanl\u0131k ve k\u00fcresel eri\u015fim ile de\u011fer a\u00e7\u0131\u011fa \u00e7\u0131karma M\u00fc\u015fterilerimize karma\u015f\u0131k i\u015flemler ve halka arzlar konusunda rehberlik eden, stratejik f\u0131rsatlar\u0131 belirleyen ve netlik ile g\u00fcven sa\u011flama vizyonuyla s\u00fcrd\u00fcr\u00fclebilir finansal sonu\u00e7lar sunan g\u00fcvenilir bir kurumsal finans dan\u0131\u015fmanl\u0131k firmas\u0131y\u0131z. Her projenin deneyimli ortaklar taraf\u0131ndan y\u00f6netildi\u011fi, \u00fcst d\u00fczey kat\u0131l\u0131ma dayal\u0131 hizmetimizle gurur duyuyoruz.&hellip; <a class=\"more-link\" href=\"https:\/\/aegeancapital.com\/tr\/hakkimizda\/\">Okumaya devam et <span class=\"screen-reader-text\">Hakk\u0131m\u0131zda<\/span><\/a><\/p>\n","protected":false},"author":1,"featured_media":0,"parent":0,"menu_order":0,"comment_status":"closed","ping_status":"closed","template":"elementor_header_footer","meta":{"footnotes":""},"class_list":["post-775","page","type-page","status-publish","hentry","entry"],"_links":{"self":[{"href":"https:\/\/aegeancapital.com\/tr\/wp-json\/wp\/v2\/pages\/775","targetHints":{"allow":["GET"]}}],"collection":[{"href":"https:\/\/aegeancapital.com\/tr\/wp-json\/wp\/v2\/pages"}],"about":[{"href":"https:\/\/aegeancapital.com\/tr\/wp-json\/wp\/v2\/types\/page"}],"author":[{"embeddable":true,"href":"https:\/\/aegeancapital.com\/tr\/wp-json\/wp\/v2\/users\/1"}],"replies":[{"embeddable":true,"href":"https:\/\/aegeancapital.com\/tr\/wp-json\/wp\/v2\/comments?post=775"}],"version-history":[{"count":6,"href":"https:\/\/aegeancapital.com\/tr\/wp-json\/wp\/v2\/pages\/775\/revisions"}],"predecessor-version":[{"id":827,"href":"https:\/\/aegeancapital.com\/tr\/wp-json\/wp\/v2\/pages\/775\/revisions\/827"}],"wp:attachment":[{"href":"https:\/\/aegeancapital.com\/tr\/wp-json\/wp\/v2\/media?parent=775"}],"curies":[{"name":"wp","href":"https:\/\/api.w.org\/{rel}","templated":true}]}}