{"id":764,"date":"2025-08-28T12:25:26","date_gmt":"2025-08-28T12:25:26","guid":{"rendered":"https:\/\/aegeancapital.com\/ana-sayfa\/"},"modified":"2025-09-29T12:43:10","modified_gmt":"2025-09-29T12:43:10","slug":"ana-sayfa","status":"publish","type":"page","link":"https:\/\/aegeancapital.com\/tr\/","title":{"rendered":"Ana Sayfa"},"content":{"rendered":"\t\t<div data-elementor-type=\"wp-page\" data-elementor-id=\"764\" class=\"elementor elementor-764 elementor-12\" data-elementor-post-type=\"page\">\n\t\t\t\t<div class=\"elementor-element elementor-element-94b7eda e-flex e-con-boxed e-con e-parent\" data-id=\"94b7eda\" data-element_type=\"container\" data-e-type=\"container\" data-settings=\"{&quot;background_background&quot;:&quot;video&quot;,&quot;background_video_link&quot;:&quot;https:\\\/\\\/aegeancapital.com\\\/wp-content\\\/uploads\\\/2025\\\/08\\\/AC_banner_video.mp4&quot;,&quot;background_play_on_mobile&quot;:&quot;yes&quot;}\">\n\t\t\t\t\t<div class=\"e-con-inner\">\n\t\t<div class=\"elementor-background-video-container\">\n\t\t\t\t\t\t\t<video class=\"elementor-background-video-hosted\" role=\"presentation\" autoplay muted playsinline loop><\/video>\n\t\t\t\t\t<\/div><div class=\"elementor-element elementor-element-9481bf0 e-con-full e-flex e-con e-child\" data-id=\"9481bf0\" data-element_type=\"container\" data-e-type=\"container\">\n\t\t\t\t<div class=\"elementor-element elementor-element-e5b3274 animated-slow elementor-invisible elementor-widget elementor-widget-heading\" data-id=\"e5b3274\" data-element_type=\"widget\" data-e-type=\"widget\" data-settings=\"{&quot;_animation&quot;:&quot;fadeIn&quot;}\" data-widget_type=\"heading.default\">\n\t\t\t\t\t<h2 class=\"elementor-heading-title elementor-size-default\">\u0130\u015flem S\u00fcreci Boyunca G\u00fcvenilir Orta\u011f\u0131n\u0131z<\/h2>\t\t\t\t<\/div>\n\t\t\t\t<\/div>\n\t\t\t\t\t<\/div>\n\t\t\t\t<\/div>\n\t\t<div class=\"elementor-element elementor-element-eaa807a e-flex e-con-boxed e-con e-parent\" data-id=\"eaa807a\" data-element_type=\"container\" data-e-type=\"container\">\n\t\t\t\t\t<div class=\"e-con-inner\">\n\t\t<div class=\"elementor-element elementor-element-49ca3db e-con-full e-flex e-con e-child\" data-id=\"49ca3db\" data-element_type=\"container\" data-e-type=\"container\">\n\t\t\t\t<div class=\"elementor-element elementor-element-5a3b7ed elementor-widget__width-initial elementor-widget-tablet__width-initial animated-slow elementor-widget-mobile__width-initial elementor-invisible elementor-widget elementor-widget-image\" data-id=\"5a3b7ed\" data-element_type=\"widget\" data-e-type=\"widget\" data-settings=\"{&quot;_animation&quot;:&quot;fadeIn&quot;}\" data-widget_type=\"image.default\">\n\t\t\t\t\t\t\t\t\t\t\t\t\t\t\t<img decoding=\"async\" src=\"https:\/\/aegeancapital.com\/wp-content\/uploads\/elementor\/thumbs\/MA-1-rb68rar60bk080f365cvrff6tddquuydr1lnvnq5gs.png\" title=\"M&amp;A\" alt=\"M&amp;A\" loading=\"lazy\" \/>\t\t\t\t\t\t\t\t\t\t\t\t\t\t\t<\/div>\n\t\t\t\t<div class=\"elementor-element elementor-element-2bafb22 elementor-invisible elementor-widget elementor-widget-heading\" data-id=\"2bafb22\" data-element_type=\"widget\" data-e-type=\"widget\" data-settings=\"{&quot;_animation&quot;:&quot;fadeInDown&quot;}\" data-widget_type=\"heading.default\">\n\t\t\t\t\t<h2 class=\"elementor-heading-title elementor-size-default\">Birle\u015fme ve Devralmalar (B&amp;D)<\/h2>\t\t\t\t<\/div>\n\t\t<div class=\"elementor-element elementor-element-2fd9dfc e-con-full e-flex elementor-invisible e-con e-child\" data-id=\"2fd9dfc\" data-element_type=\"container\" data-e-type=\"container\" data-settings=\"{&quot;animation&quot;:&quot;fadeInUp&quot;}\">\n\t\t\t\t<div class=\"elementor-element elementor-element-b128034 elementor-widget__width-initial elementor-widget-divider--view-line elementor-widget elementor-widget-divider\" data-id=\"b128034\" data-element_type=\"widget\" data-e-type=\"widget\" data-widget_type=\"divider.default\">\n\t\t\t\t\t\t\t<div class=\"elementor-divider\">\n\t\t\t<span class=\"elementor-divider-separator\">\n\t\t\t\t\t\t<\/span>\n\t\t<\/div>\n\t\t\t\t\t\t<\/div>\n\t\t\t\t<div class=\"elementor-element elementor-element-0a54ee6 elementor-widget__width-initial elementor-widget-divider--view-line elementor-widget elementor-widget-divider\" data-id=\"0a54ee6\" data-element_type=\"widget\" data-e-type=\"widget\" data-widget_type=\"divider.default\">\n\t\t\t\t\t\t\t<div class=\"elementor-divider\">\n\t\t\t<span class=\"elementor-divider-separator\">\n\t\t\t\t\t\t<\/span>\n\t\t<\/div>\n\t\t\t\t\t\t<\/div>\n\t\t\t\t<\/div>\n\t\t\t\t<div class=\"elementor-element elementor-element-80f9337 elementor-invisible elementor-widget elementor-widget-text-editor\" data-id=\"80f9337\" data-element_type=\"widget\" data-e-type=\"widget\" data-settings=\"{&quot;_animation&quot;:&quot;fadeIn&quot;}\" data-widget_type=\"text-editor.default\">\n\t\t\t\t\t\t\t\t\t<p>Hedef belirleme ve de\u011ferleme s\u00fcrecinden m\u00fczakere ve anla\u015fma kapan\u0131\u015f\u0131na kadar u\u00e7tan uca M&amp;A dan\u0131\u015fmanl\u0131\u011f\u0131 sunuyoruz.<\/p>\t\t\t\t\t\t\t\t<\/div>\n\t\t\t\t<\/div>\n\t\t<div class=\"elementor-element elementor-element-3489dcd e-con-full e-flex e-con e-child\" data-id=\"3489dcd\" data-element_type=\"container\" data-e-type=\"container\">\n\t\t\t\t<div class=\"elementor-element elementor-element-3fdafa1 elementor-widget__width-initial elementor-widget-tablet__width-initial animated-slow elementor-widget-mobile__width-initial elementor-invisible elementor-widget elementor-widget-image\" data-id=\"3fdafa1\" data-element_type=\"widget\" data-e-type=\"widget\" data-settings=\"{&quot;_animation&quot;:&quot;fadeIn&quot;}\" data-widget_type=\"image.default\">\n\t\t\t\t\t\t\t\t\t\t\t\t\t\t\t<img decoding=\"async\" src=\"https:\/\/aegeancapital.com\/wp-content\/uploads\/elementor\/thumbs\/IPO-rb67ptwrl29jfkucygb8vdsqdg21177k9lfw7la3ho.png\" title=\"Halka Arz\" alt=\"Halka Arz\" loading=\"lazy\" \/>\t\t\t\t\t\t\t\t\t\t\t\t\t\t\t<\/div>\n\t\t\t\t<div class=\"elementor-element elementor-element-8202531 elementor-invisible elementor-widget elementor-widget-heading\" data-id=\"8202531\" data-element_type=\"widget\" data-e-type=\"widget\" data-settings=\"{&quot;_animation&quot;:&quot;fadeInDown&quot;}\" data-widget_type=\"heading.default\">\n\t\t\t\t\t<h2 class=\"elementor-heading-title elementor-size-default\">Halka arz dan\u0131\u015fmanl\u0131\u011f\u0131<\/h2>\t\t\t\t<\/div>\n\t\t<div class=\"elementor-element elementor-element-4ce89be e-con-full e-flex elementor-invisible e-con e-child\" data-id=\"4ce89be\" data-element_type=\"container\" data-e-type=\"container\" data-settings=\"{&quot;animation&quot;:&quot;fadeInUp&quot;}\">\n\t\t\t\t<div class=\"elementor-element elementor-element-4567c51 elementor-widget__width-initial elementor-widget-divider--view-line elementor-widget elementor-widget-divider\" data-id=\"4567c51\" data-element_type=\"widget\" data-e-type=\"widget\" data-widget_type=\"divider.default\">\n\t\t\t\t\t\t\t<div class=\"elementor-divider\">\n\t\t\t<span class=\"elementor-divider-separator\">\n\t\t\t\t\t\t<\/span>\n\t\t<\/div>\n\t\t\t\t\t\t<\/div>\n\t\t\t\t<div class=\"elementor-element elementor-element-6db86cc elementor-widget__width-initial elementor-widget-divider--view-line elementor-widget elementor-widget-divider\" data-id=\"6db86cc\" data-element_type=\"widget\" data-e-type=\"widget\" data-widget_type=\"divider.default\">\n\t\t\t\t\t\t\t<div class=\"elementor-divider\">\n\t\t\t<span class=\"elementor-divider-separator\">\n\t\t\t\t\t\t<\/span>\n\t\t<\/div>\n\t\t\t\t\t\t<\/div>\n\t\t\t\t<\/div>\n\t\t\t\t<div class=\"elementor-element elementor-element-7c1f46a elementor-invisible elementor-widget elementor-widget-text-editor\" data-id=\"7c1f46a\" data-element_type=\"widget\" data-e-type=\"widget\" data-settings=\"{&quot;_animation&quot;:&quot;fadeIn&quot;}\" data-widget_type=\"text-editor.default\">\n\t\t\t\t\t\t\t\t\t<p>Sermaye Piyasas\u0131 Kurulu d\u00fczenlemeleri<br>do\u011frultusunda raporlama, uyumluluk,<br>yat\u0131r\u0131mc\u0131 ili\u015fkileri ve pazarlama dahil<br>olmak \u00fczere u\u00e7tan uca halka arz dan\u0131\u015fmanl\u0131\u011f\u0131 sa\u011fl\u0131yoruz.<\/p>\t\t\t\t\t\t\t\t<\/div>\n\t\t\t\t<\/div>\n\t\t<div class=\"elementor-element elementor-element-78409ce e-con-full e-flex e-con e-child\" data-id=\"78409ce\" data-element_type=\"container\" data-e-type=\"container\">\n\t\t\t\t<div class=\"elementor-element elementor-element-2ca7524 elementor-widget__width-initial elementor-widget-tablet__width-initial animated-slow elementor-widget-mobile__width-initial elementor-invisible elementor-widget elementor-widget-image\" data-id=\"2ca7524\" data-element_type=\"widget\" data-e-type=\"widget\" data-settings=\"{&quot;_animation&quot;:&quot;fadeIn&quot;}\" data-widget_type=\"image.default\">\n\t\t\t\t\t\t\t\t\t\t\t\t\t\t\t<img fetchpriority=\"high\" decoding=\"async\" width=\"500\" height=\"500\" src=\"https:\/\/aegeancapital.com\/wp-content\/uploads\/2025\/09\/FinancialAdvisory.png\" class=\"attachment-large size-large wp-image-763\" alt=\"\" srcset=\"https:\/\/aegeancapital.com\/wp-content\/uploads\/2025\/09\/FinancialAdvisory.png 500w, https:\/\/aegeancapital.com\/wp-content\/uploads\/2025\/09\/FinancialAdvisory-300x300.png 300w, https:\/\/aegeancapital.com\/wp-content\/uploads\/2025\/09\/FinancialAdvisory-150x150.png 150w\" sizes=\"(max-width: 500px) 100vw, 500px\" style=\"width:100%;height:100%;max-width:500px\" \/>\t\t\t\t\t\t\t\t\t\t\t\t\t\t\t<\/div>\n\t\t\t\t<div class=\"elementor-element elementor-element-4977ee3 elementor-invisible elementor-widget elementor-widget-heading\" data-id=\"4977ee3\" data-element_type=\"widget\" data-e-type=\"widget\" data-settings=\"{&quot;_animation&quot;:&quot;fadeInDown&quot;}\" data-widget_type=\"heading.default\">\n\t\t\t\t\t<h2 class=\"elementor-heading-title elementor-size-default\">Finansal dan\u0131\u015fmanl\u0131k<\/h2>\t\t\t\t<\/div>\n\t\t<div class=\"elementor-element elementor-element-83cbfdc e-con-full e-flex elementor-invisible e-con e-child\" data-id=\"83cbfdc\" data-element_type=\"container\" data-e-type=\"container\" data-settings=\"{&quot;animation&quot;:&quot;fadeInUp&quot;}\">\n\t\t\t\t<div class=\"elementor-element elementor-element-bc2f12e elementor-widget__width-initial elementor-widget-divider--view-line elementor-widget elementor-widget-divider\" data-id=\"bc2f12e\" data-element_type=\"widget\" data-e-type=\"widget\" data-widget_type=\"divider.default\">\n\t\t\t\t\t\t\t<div class=\"elementor-divider\">\n\t\t\t<span class=\"elementor-divider-separator\">\n\t\t\t\t\t\t<\/span>\n\t\t<\/div>\n\t\t\t\t\t\t<\/div>\n\t\t\t\t<div class=\"elementor-element elementor-element-751a7a9 elementor-widget__width-initial elementor-widget-divider--view-line elementor-widget elementor-widget-divider\" data-id=\"751a7a9\" data-element_type=\"widget\" data-e-type=\"widget\" data-widget_type=\"divider.default\">\n\t\t\t\t\t\t\t<div class=\"elementor-divider\">\n\t\t\t<span class=\"elementor-divider-separator\">\n\t\t\t\t\t\t<\/span>\n\t\t<\/div>\n\t\t\t\t\t\t<\/div>\n\t\t\t\t<\/div>\n\t\t\t\t<div class=\"elementor-element elementor-element-fa33526 elementor-invisible elementor-widget elementor-widget-text-editor\" data-id=\"fa33526\" data-element_type=\"widget\" data-e-type=\"widget\" data-settings=\"{&quot;_animation&quot;:&quot;fadeIn&quot;}\" data-widget_type=\"text-editor.default\">\n\t\t\t\t\t\t\t\t\tBor\u00e7 yeniden yap\u0131land\u0131rma,\nde\u011ferleme, durum tespiti ve\nfinansal modelleme konular\u0131nda\nkararlar\u0131 optimize etmek ve\nuzun vadeli istikrar\u0131 sa\u011flamak i\u00e7in \u00f6zel finansal dan\u0131\u015fmanl\u0131k hizmetleri sunuyoruz \t\t\t\t\t\t\t\t<\/div>\n\t\t\t\t<\/div>\n\t\t\t\t\t<\/div>\n\t\t\t\t<\/div>\n\t\t<div class=\"elementor-element elementor-element-d94cafe e-con-full e-flex e-con e-parent\" data-id=\"d94cafe\" data-element_type=\"container\" data-e-type=\"container\" data-settings=\"{&quot;background_background&quot;:&quot;classic&quot;}\">\n\t\t<div class=\"elementor-element elementor-element-60a4bfd e-con-full e-flex e-con e-child\" data-id=\"60a4bfd\" data-element_type=\"container\" data-e-type=\"container\" data-settings=\"{&quot;background_background&quot;:&quot;classic&quot;}\">\n\t\t\t\t<div class=\"elementor-element elementor-element-5e99bbe elementor-widget elementor-widget-spacer\" data-id=\"5e99bbe\" data-element_type=\"widget\" data-e-type=\"widget\" data-widget_type=\"spacer.default\">\n\t\t\t\t\t\t\t<div class=\"elementor-spacer\">\n\t\t\t<div class=\"elementor-spacer-inner\"><\/div>\n\t\t<\/div>\n\t\t\t\t\t\t<\/div>\n\t\t\t\t<\/div>\n\t\t<div class=\"elementor-element elementor-element-4d5793e e-con-full e-flex e-con e-child\" data-id=\"4d5793e\" data-element_type=\"container\" data-e-type=\"container\">\n\t\t<div class=\"elementor-element elementor-element-346945e e-grid e-con-full e-con e-child\" data-id=\"346945e\" data-element_type=\"container\" data-e-type=\"container\">\n\t\t<div class=\"elementor-element elementor-element-3032771 e-con-full e-flex e-con e-child\" data-id=\"3032771\" data-element_type=\"container\" data-e-type=\"container\">\n\t\t\t\t<div class=\"elementor-element elementor-element-7e409e8 elementor-invisible elementor-widget elementor-widget-heading\" data-id=\"7e409e8\" data-element_type=\"widget\" data-e-type=\"widget\" data-settings=\"{&quot;_animation&quot;:&quot;fadeInDown&quot;}\" data-widget_type=\"heading.default\">\n\t\t\t\t\t<h2 class=\"elementor-heading-title elementor-size-default\">Aegean capital<\/h2>\t\t\t\t<\/div>\n\t\t\t\t<div class=\"elementor-element elementor-element-99e4973 elementor-invisible elementor-widget elementor-widget-heading\" data-id=\"99e4973\" data-element_type=\"widget\" data-e-type=\"widget\" data-settings=\"{&quot;_animation&quot;:&quot;fadeInUp&quot;}\" data-widget_type=\"heading.default\">\n\t\t\t\t\t<h2 class=\"elementor-heading-title elementor-size-default\">S\u0131n\u0131rlar \u00f6tesi kurumsal finans\u0131n gelece\u011fini \u015fekillendiriyoruz<\/h2>\t\t\t\t<\/div>\n\t\t\t\t<div class=\"elementor-element elementor-element-cc290b6 elementor-invisible elementor-widget elementor-widget-text-editor\" data-id=\"cc290b6\" data-element_type=\"widget\" data-e-type=\"widget\" data-settings=\"{&quot;_animation&quot;:&quot;fadeIn&quot;}\" data-widget_type=\"text-editor.default\">\n\t\t\t\t\t\t\t\t\tOn y\u0131llara dayanan deneyimimiz ve s\u0131n\u0131r \u00f6tesi i\u015flemlerdeki ba\u015far\u0131 ge\u00e7mi\u015fimizle, derin sekt\u00f6r bilgimizi her m\u00fc\u015fteriye \u00f6zel bir yakla\u015f\u0131mla birle\u015ftiriyoruz. \t\t\t\t\t\t\t\t<\/div>\n\t\t\t\t<div class=\"elementor-element elementor-element-8311473 elementor-invisible elementor-widget elementor-widget-button\" data-id=\"8311473\" data-element_type=\"widget\" data-e-type=\"widget\" data-settings=\"{&quot;_animation&quot;:&quot;fadeInUp&quot;}\" data-widget_type=\"button.default\">\n\t\t\t\t\t\t\t\t\t\t<a class=\"elementor-button elementor-button-link elementor-size-sm\" href=\"https:\/\/aegeancapital.com\/tr\/hakkinda\/\">\n\t\t\t\t\t\t<span class=\"elementor-button-content-wrapper\">\n\t\t\t\t\t\t\t\t\t<span class=\"elementor-button-text\">Daha fazla bilgi<\/span>\n\t\t\t\t\t<\/span>\n\t\t\t\t\t<\/a>\n\t\t\t\t\t\t\t\t<\/div>\n\t\t\t\t<\/div>\n\t\t<div class=\"elementor-element elementor-element-94efba7 e-con-full e-flex e-con e-child\" data-id=\"94efba7\" data-element_type=\"container\" data-e-type=\"container\">\n\t\t<div class=\"elementor-element elementor-element-34278e0 e-con-full e-flex elementor-invisible e-con e-child\" data-id=\"34278e0\" data-element_type=\"container\" data-e-type=\"container\" data-settings=\"{&quot;animation&quot;:&quot;fadeInDown&quot;}\">\n\t\t\t\t<div class=\"elementor-element elementor-element-a4c65ed elementor-widget elementor-widget-heading\" data-id=\"a4c65ed\" data-element_type=\"widget\" data-e-type=\"widget\" data-widget_type=\"heading.default\">\n\t\t\t\t\t<h2 class=\"elementor-heading-title elementor-size-default\">9,1<\/h2>\t\t\t\t<\/div>\n\t\t\t\t<div class=\"elementor-element elementor-element-f43fa96 elementor-widget elementor-widget-heading\" data-id=\"f43fa96\" data-element_type=\"widget\" data-e-type=\"widget\" data-widget_type=\"heading.default\">\n\t\t\t\t\t<h2 class=\"elementor-heading-title elementor-size-default\">Milyar $<\/h2>\t\t\t\t<\/div>\n\t\t\t\t<div class=\"elementor-element elementor-element-8108930 elementor-widget elementor-widget-heading\" data-id=\"8108930\" data-element_type=\"widget\" data-e-type=\"widget\" data-widget_type=\"heading.default\">\n\t\t\t\t\t<h2 class=\"elementor-heading-title elementor-size-default\">\u0130\u015flem<br>De\u011feri<\/h2>\t\t\t\t<\/div>\n\t\t\t\t<\/div>\n\t\t\t\t<div class=\"elementor-element elementor-element-041dd86 elementor-widget-divider--view-line elementor-widget elementor-widget-divider\" data-id=\"041dd86\" data-element_type=\"widget\" data-e-type=\"widget\" data-widget_type=\"divider.default\">\n\t\t\t\t\t\t\t<div class=\"elementor-divider\">\n\t\t\t<span class=\"elementor-divider-separator\">\n\t\t\t\t\t\t<\/span>\n\t\t<\/div>\n\t\t\t\t\t\t<\/div>\n\t\t<div class=\"elementor-element elementor-element-b19e91b e-con-full e-flex elementor-invisible e-con e-child\" data-id=\"b19e91b\" data-element_type=\"container\" data-e-type=\"container\" data-settings=\"{&quot;animation&quot;:&quot;fadeIn&quot;}\">\n\t\t\t\t<div class=\"elementor-element elementor-element-44640bd elementor-arrows-position-outside elementor-widget elementor-widget-n-carousel\" data-id=\"44640bd\" data-element_type=\"widget\" data-e-type=\"widget\" data-settings=\"{&quot;carousel_items&quot;:[{&quot;slide_title&quot;:&quot;Slide #1&quot;,&quot;_id&quot;:&quot;45034fd&quot;},{&quot;slide_title&quot;:&quot;Slide #1&quot;,&quot;_id&quot;:&quot;b522dd5&quot;}],&quot;slides_to_show&quot;:&quot;1&quot;,&quot;slides_to_scroll&quot;:&quot;1&quot;,&quot;image_spacing_custom&quot;:{&quot;unit&quot;:&quot;px&quot;,&quot;size&quot;:&quot;&quot;,&quot;sizes&quot;:[]},&quot;slides_to_show_tablet&quot;:&quot;2&quot;,&quot;slides_to_show_mobile&quot;:&quot;1&quot;,&quot;autoplay&quot;:&quot;yes&quot;,&quot;autoplay_speed&quot;:5000,&quot;pause_on_hover&quot;:&quot;yes&quot;,&quot;pause_on_interaction&quot;:&quot;yes&quot;,&quot;infinite&quot;:&quot;yes&quot;,&quot;speed&quot;:500,&quot;offset_sides&quot;:&quot;none&quot;,&quot;arrows&quot;:&quot;yes&quot;,&quot;image_spacing_custom_tablet&quot;:{&quot;unit&quot;:&quot;px&quot;,&quot;size&quot;:&quot;&quot;,&quot;sizes&quot;:[]},&quot;image_spacing_custom_mobile&quot;:{&quot;unit&quot;:&quot;px&quot;,&quot;size&quot;:&quot;&quot;,&quot;sizes&quot;:[]}}\" data-widget_type=\"nested-carousel.default\">\n\t\t\t\t\t\t\t<div class=\"e-n-carousel swiper\" role=\"region\" aria-roledescription=\"carousel\" aria-label=\"Carousel\" dir=\"ltr\">\n\t\t\t<div class=\"swiper-wrapper\" aria-live=\"off\">\n\t\t\t\t\t\t\t\t\t\t<div class=\"swiper-slide\" data-slide=\"1\" role=\"group\" aria-roledescription=\"slide\" aria-label=\"1 of 2\">\n\t\t\t\t\t\t\t<div class=\"elementor-element elementor-element-1fa6fdd e-con-full e-flex e-con e-child\" data-id=\"1fa6fdd\" data-element_type=\"container\" data-e-type=\"container\">\n\t\t\t\t<div class=\"elementor-element elementor-element-2b49ed6 elementor-invisible elementor-widget elementor-widget-heading\" data-id=\"2b49ed6\" data-element_type=\"widget\" data-e-type=\"widget\" data-settings=\"{&quot;_animation&quot;:&quot;fadeInDown&quot;}\" data-widget_type=\"heading.default\">\n\t\t\t\t\t<h2 class=\"elementor-heading-title elementor-size-default\">Misyonumuz<\/h2>\t\t\t\t<\/div>\n\t\t\t\t<div class=\"elementor-element elementor-element-87d2ae2 elementor-invisible elementor-widget elementor-widget-text-editor\" data-id=\"87d2ae2\" data-element_type=\"widget\" data-e-type=\"widget\" data-settings=\"{&quot;_animation&quot;:&quot;fadeIn&quot;}\" data-widget_type=\"text-editor.default\">\n\t\t\t\t\t\t\t\t\t<p>Onlarca y\u0131ll\u0131k s\u0131n\u0131rlar \u00f6tesi deneyim, derin sekt\u00f6r bilgisi ve her a\u015famada de\u011fer yaratan \u00f6zel yakla\u015f\u0131m\u0131m\u0131z\u0131 birle\u015ftirerek m\u00fc\u015fterilerimizi karma\u015f\u0131k i\u015flemler boyunca netlik ve g\u00fcvenle y\u00f6nlendirmek.<\/p>\t\t\t\t\t\t\t\t<\/div>\n\t\t\t\t<\/div>\n\t\t\t\t\t\t\t\t<\/div>\n\t\t\t\t\t\t\t\t\t\t\t<div class=\"swiper-slide\" data-slide=\"2\" role=\"group\" aria-roledescription=\"slide\" aria-label=\"2 of 2\">\n\t\t\t\t\t\t\t<div class=\"elementor-element elementor-element-bf08033 e-flex e-con-boxed e-con e-child\" data-id=\"bf08033\" data-element_type=\"container\" data-e-type=\"container\">\n\t\t\t\t\t<div class=\"e-con-inner\">\n\t\t\t\t<div class=\"elementor-element elementor-element-bcb1892 elementor-invisible elementor-widget elementor-widget-heading\" data-id=\"bcb1892\" data-element_type=\"widget\" data-e-type=\"widget\" data-settings=\"{&quot;_animation&quot;:&quot;fadeInDown&quot;}\" data-widget_type=\"heading.default\">\n\t\t\t\t\t<h2 class=\"elementor-heading-title elementor-size-default\">Vizyonumuz<\/h2>\t\t\t\t<\/div>\n\t\t\t\t<div class=\"elementor-element elementor-element-cc9ed39 elementor-invisible elementor-widget elementor-widget-text-editor\" data-id=\"cc9ed39\" data-element_type=\"widget\" data-e-type=\"widget\" data-settings=\"{&quot;_animation&quot;:&quot;fadeIn&quot;}\" data-widget_type=\"text-editor.default\">\n\t\t\t\t\t\t\t\t\tUzmanl\u0131k, \u00f6ng\u00f6r\u00fc ve s\u00fcrd\u00fcr\u00fclebilir finansal sonu\u00e7lar sunma taahh\u00fcd\u00fcm\u00fczle s\u0131n\u0131rlar \u00f6tesi i\u015flemlerin gelece\u011fini \u015fekillendiren, kurumsal finansta g\u00fcvenilir k\u00fcresel ortak olmak. \t\t\t\t\t\t\t\t<\/div>\n\t\t\t\t\t<\/div>\n\t\t\t\t<\/div>\n\t\t\t\t\t\t\t\t<\/div>\n\t\t\t\t\t\t\t\t<\/div>\n\t\t<\/div>\n\t\t\t\t\t<div class=\"elementor-swiper-button elementor-swiper-button-prev\" role=\"button\" tabindex=\"0\" aria-label=\"Previous\">\n\t\t\t\t<svg aria-hidden=\"true\" class=\"e-font-icon-svg e-fas-angle-left\" viewBox=\"0 0 256 512\" xmlns=\"http:\/\/www.w3.org\/2000\/svg\"><path d=\"M31.7 239l136-136c9.4-9.4 24.6-9.4 33.9 0l22.6 22.6c9.4 9.4 9.4 24.6 0 33.9L127.9 256l96.4 96.4c9.4 9.4 9.4 24.6 0 33.9L201.7 409c-9.4 9.4-24.6 9.4-33.9 0l-136-136c-9.5-9.4-9.5-24.6-.1-34z\"><\/path><\/svg>\t\t\t<\/div>\n\t\t\t<div class=\"elementor-swiper-button elementor-swiper-button-next\" role=\"button\" tabindex=\"0\" aria-label=\"Next\">\n\t\t\t\t<svg aria-hidden=\"true\" class=\"e-font-icon-svg e-fas-angle-right\" viewBox=\"0 0 256 512\" xmlns=\"http:\/\/www.w3.org\/2000\/svg\"><path d=\"M224.3 273l-136 136c-9.4 9.4-24.6 9.4-33.9 0l-22.6-22.6c-9.4-9.4-9.4-24.6 0-33.9l96.4-96.4-96.4-96.4c-9.4-9.4-9.4-24.6 0-33.9L54.3 103c9.4-9.4 24.6-9.4 33.9 0l136 136c9.5 9.4 9.5 24.6.1 34z\"><\/path><\/svg>\t\t\t<\/div>\n\t\t\t\t\t\t<\/div>\n\t\t\t\t<\/div>\n\t\t\t\t<\/div>\n\t\t\t\t<\/div>\n\t\t\t\t<\/div>\n\t\t\t\t<\/div>\n\t\t\t\t<\/div>\n\t\t","protected":false},"excerpt":{"rendered":"<p>\u0130\u015flem S\u00fcreci Boyunca G\u00fcvenilir Orta\u011f\u0131n\u0131z Birle\u015fme ve Devralmalar (B&amp;D) Hedef belirleme ve de\u011ferleme s\u00fcrecinden m\u00fczakere ve anla\u015fma kapan\u0131\u015f\u0131na kadar u\u00e7tan uca M&amp;A dan\u0131\u015fmanl\u0131\u011f\u0131 sunuyoruz. Halka arz dan\u0131\u015fmanl\u0131\u011f\u0131 Sermaye Piyasas\u0131 Kurulu d\u00fczenlemelerido\u011frultusunda raporlama, uyumluluk,yat\u0131r\u0131mc\u0131 ili\u015fkileri ve pazarlama dahilolmak \u00fczere u\u00e7tan uca halka arz dan\u0131\u015fmanl\u0131\u011f\u0131 sa\u011fl\u0131yoruz. Finansal dan\u0131\u015fmanl\u0131k Bor\u00e7 yeniden yap\u0131land\u0131rma, de\u011ferleme, durum tespiti ve finansal modelleme&hellip; <a class=\"more-link\" href=\"https:\/\/aegeancapital.com\/tr\/\">Okumaya devam et <span class=\"screen-reader-text\">Ana Sayfa<\/span><\/a><\/p>\n","protected":false},"author":1,"featured_media":0,"parent":0,"menu_order":0,"comment_status":"closed","ping_status":"closed","template":"elementor_header_footer","meta":{"footnotes":""},"class_list":["post-764","page","type-page","status-publish","hentry","entry"],"_links":{"self":[{"href":"https:\/\/aegeancapital.com\/tr\/wp-json\/wp\/v2\/pages\/764","targetHints":{"allow":["GET"]}}],"collection":[{"href":"https:\/\/aegeancapital.com\/tr\/wp-json\/wp\/v2\/pages"}],"about":[{"href":"https:\/\/aegeancapital.com\/tr\/wp-json\/wp\/v2\/types\/page"}],"author":[{"embeddable":true,"href":"https:\/\/aegeancapital.com\/tr\/wp-json\/wp\/v2\/users\/1"}],"replies":[{"embeddable":true,"href":"https:\/\/aegeancapital.com\/tr\/wp-json\/wp\/v2\/comments?post=764"}],"version-history":[{"count":3,"href":"https:\/\/aegeancapital.com\/tr\/wp-json\/wp\/v2\/pages\/764\/revisions"}],"predecessor-version":[{"id":807,"href":"https:\/\/aegeancapital.com\/tr\/wp-json\/wp\/v2\/pages\/764\/revisions\/807"}],"wp:attachment":[{"href":"https:\/\/aegeancapital.com\/tr\/wp-json\/wp\/v2\/media?parent=764"}],"curies":[{"name":"wp","href":"https:\/\/api.w.org\/{rel}","templated":true}]}}